{"id":531143,"date":"2020-10-14T22:46:14","date_gmt":"2024-08-13T12:39:39","guid":{"rendered":"https:\/\/tilefly.com\/producto\/cottage-30x90\/"},"modified":"2024-08-13T14:39:39","modified_gmt":"2024-08-13T12:39:39","slug":"cottage-30x90","status":"publish","type":"product","link":"https:\/\/tilefly.com\/fr\/produit\/cottage-30x90\/","title":{"rendered":"COTTAGE 30X90"},"content":{"rendered":"<p>Ce d\u00e9cor 30&#215;90 reprend les g\u00e9om\u00e9tries de l&#8217;hydraulique traditionnelle en r\u00e9inventant son aspect dans des tons neutres mais solides.<\/p>","protected":false},"excerpt":{"rendered":"<p>Ce d\u00e9cor 30&#215;90 reprend les g\u00e9om\u00e9tries de l&#8217;hydraulique traditionnelle en r\u00e9inventant son aspect dans des tons neutres mais solides.<\/p>\n","protected":false},"featured_media":531144,"comment_status":"open","ping_status":"closed","template":"","meta":[],"product_brand":[],"product_cat":[355,356,354],"product_tag":[],"class_list":{"0":"post-531143","1":"product","2":"type-product","3":"status-publish","4":"has-post-thumbnail","6":"product_cat-cuisines","7":"product_cat-faiences","8":"product_cat-carrelage-salle-de-bain","10":"first","11":"outofstock","12":"shipping-taxable","13":"purchasable","14":"product-type-simple"},"_links":{"self":[{"href":"https:\/\/tilefly.com\/fr\/wp-json\/wp\/v2\/product\/531143","targetHints":{"allow":["GET"]}}],"collection":[{"href":"https:\/\/tilefly.com\/fr\/wp-json\/wp\/v2\/product"}],"about":[{"href":"https:\/\/tilefly.com\/fr\/wp-json\/wp\/v2\/types\/product"}],"replies":[{"embeddable":true,"href":"https:\/\/tilefly.com\/fr\/wp-json\/wp\/v2\/comments?post=531143"}],"wp:featuredmedia":[{"embeddable":true,"href":"https:\/\/tilefly.com\/fr\/wp-json\/wp\/v2\/media\/531144"}],"wp:attachment":[{"href":"https:\/\/tilefly.com\/fr\/wp-json\/wp\/v2\/media?parent=531143"}],"wp:term":[{"taxonomy":"product_brand","embeddable":true,"href":"https:\/\/tilefly.com\/fr\/wp-json\/wp\/v2\/product_brand?post=531143"},{"taxonomy":"product_cat","embeddable":true,"href":"https:\/\/tilefly.com\/fr\/wp-json\/wp\/v2\/product_cat?post=531143"},{"taxonomy":"product_tag","embeddable":true,"href":"https:\/\/tilefly.com\/fr\/wp-json\/wp\/v2\/product_tag?post=531143"}],"curies":[{"name":"wp","href":"https:\/\/api.w.org\/{rel}","templated":true}]}}