{"id":531118,"date":"2020-10-14T22:46:14","date_gmt":"2024-08-13T12:39:31","guid":{"rendered":"https:\/\/tilefly.com\/producto\/chiado-30x90\/"},"modified":"2024-08-13T14:39:31","modified_gmt":"2024-08-13T12:39:31","slug":"chiado-30x90","status":"publish","type":"product","link":"https:\/\/tilefly.com\/fr\/produit\/chiado-30x90\/","title":{"rendered":"CHIADO 30X90"},"content":{"rendered":"<p>Le Chiado est un quartier boh\u00e8me de Lisbonne qui regorge d&#8217;entreprises qui donnent de la lumi\u00e8re et de la couleur \u00e0 la ville, comme c&#8217;est le cas de cette d\u00e9coration de 30 x 90 cm.<\/p>","protected":false},"excerpt":{"rendered":"<p>Le Chiado est un quartier boh\u00e8me de Lisbonne qui regorge d&#8217;entreprises qui donnent de la lumi\u00e8re et de la couleur \u00e0 la ville, comme c&#8217;est le cas de cette d\u00e9coration de 30 x 90 cm.<\/p>\n","protected":false},"featured_media":531120,"comment_status":"open","ping_status":"closed","template":"","meta":[],"product_brand":[],"product_cat":[355,356,354],"product_tag":[],"class_list":{"0":"post-531118","1":"product","2":"type-product","3":"status-publish","4":"has-post-thumbnail","6":"product_cat-cuisines","7":"product_cat-faiences","8":"product_cat-carrelage-salle-de-bain","10":"first","11":"outofstock","12":"shipping-taxable","13":"purchasable","14":"product-type-simple"},"_links":{"self":[{"href":"https:\/\/tilefly.com\/fr\/wp-json\/wp\/v2\/product\/531118","targetHints":{"allow":["GET"]}}],"collection":[{"href":"https:\/\/tilefly.com\/fr\/wp-json\/wp\/v2\/product"}],"about":[{"href":"https:\/\/tilefly.com\/fr\/wp-json\/wp\/v2\/types\/product"}],"replies":[{"embeddable":true,"href":"https:\/\/tilefly.com\/fr\/wp-json\/wp\/v2\/comments?post=531118"}],"wp:featuredmedia":[{"embeddable":true,"href":"https:\/\/tilefly.com\/fr\/wp-json\/wp\/v2\/media\/531120"}],"wp:attachment":[{"href":"https:\/\/tilefly.com\/fr\/wp-json\/wp\/v2\/media?parent=531118"}],"wp:term":[{"taxonomy":"product_brand","embeddable":true,"href":"https:\/\/tilefly.com\/fr\/wp-json\/wp\/v2\/product_brand?post=531118"},{"taxonomy":"product_cat","embeddable":true,"href":"https:\/\/tilefly.com\/fr\/wp-json\/wp\/v2\/product_cat?post=531118"},{"taxonomy":"product_tag","embeddable":true,"href":"https:\/\/tilefly.com\/fr\/wp-json\/wp\/v2\/product_tag?post=531118"}],"curies":[{"name":"wp","href":"https:\/\/api.w.org\/{rel}","templated":true}]}}