{"id":531112,"date":"2020-10-14T22:46:14","date_gmt":"2024-08-13T12:39:30","guid":{"rendered":"https:\/\/tilefly.com\/producto\/carezza-crema-30x90\/"},"modified":"2024-08-13T14:39:30","modified_gmt":"2024-08-13T12:39:30","slug":"carezza-crema-30x90","status":"publish","type":"product","link":"https:\/\/tilefly.com\/fr\/produit\/carezza-crema-30x90\/","title":{"rendered":"CAREZZA CREMA 30X90"},"content":{"rendered":"<p>Fine et d\u00e9licate comme une caresse, d\u00e9cor\u00e9e en 30&#215;90 lin\u00e9aire avec des zones de paillettes et de brillance avec un effet scintillant.<br \/>Combinez-la avec les carreaux de sol et de mur de la s\u00e9rie Cremabella. <\/p>","protected":false},"excerpt":{"rendered":"<p>Fine et d\u00e9licate comme une caresse, d\u00e9cor\u00e9e en 30&#215;90 lin\u00e9aire avec des zones de paillettes et de brillance avec un effet scintillant.Combinez-la avec les carreaux de sol et de mur de la s\u00e9rie Cremabella.<\/p>\n","protected":false},"featured_media":531115,"comment_status":"open","ping_status":"closed","template":"","meta":[],"product_brand":[],"product_cat":[355,356,354],"product_tag":[],"class_list":{"0":"post-531112","1":"product","2":"type-product","3":"status-publish","4":"has-post-thumbnail","6":"product_cat-cuisines","7":"product_cat-faiences","8":"product_cat-carrelage-salle-de-bain","10":"first","11":"outofstock","12":"shipping-taxable","13":"purchasable","14":"product-type-simple"},"_links":{"self":[{"href":"https:\/\/tilefly.com\/fr\/wp-json\/wp\/v2\/product\/531112","targetHints":{"allow":["GET"]}}],"collection":[{"href":"https:\/\/tilefly.com\/fr\/wp-json\/wp\/v2\/product"}],"about":[{"href":"https:\/\/tilefly.com\/fr\/wp-json\/wp\/v2\/types\/product"}],"replies":[{"embeddable":true,"href":"https:\/\/tilefly.com\/fr\/wp-json\/wp\/v2\/comments?post=531112"}],"wp:featuredmedia":[{"embeddable":true,"href":"https:\/\/tilefly.com\/fr\/wp-json\/wp\/v2\/media\/531115"}],"wp:attachment":[{"href":"https:\/\/tilefly.com\/fr\/wp-json\/wp\/v2\/media?parent=531112"}],"wp:term":[{"taxonomy":"product_brand","embeddable":true,"href":"https:\/\/tilefly.com\/fr\/wp-json\/wp\/v2\/product_brand?post=531112"},{"taxonomy":"product_cat","embeddable":true,"href":"https:\/\/tilefly.com\/fr\/wp-json\/wp\/v2\/product_cat?post=531112"},{"taxonomy":"product_tag","embeddable":true,"href":"https:\/\/tilefly.com\/fr\/wp-json\/wp\/v2\/product_tag?post=531112"}],"curies":[{"name":"wp","href":"https:\/\/api.w.org\/{rel}","templated":true}]}}