{"id":531066,"date":"2020-10-13T00:19:29","date_gmt":"2024-08-13T12:38:48","guid":{"rendered":"https:\/\/tilefly.com\/producto\/alfama-30x90\/"},"modified":"2024-08-13T14:38:48","modified_gmt":"2024-08-13T12:38:48","slug":"alfama-30x90","status":"publish","type":"product","link":"https:\/\/tilefly.com\/fr\/produit\/alfama-30x90\/","title":{"rendered":"ALFAMA 30X90"},"content":{"rendered":"<p>Ce d\u00e9cor hydraulique 30&#215;90 nous emm\u00e8ne en voyage au Portugal, un d\u00e9cor traditionnel inspir\u00e9 du plus ancien quartier de Lisbonne.<\/p>","protected":false},"excerpt":{"rendered":"<p>Ce d\u00e9cor hydraulique 30&#215;90 nous emm\u00e8ne en voyage au Portugal, un d\u00e9cor traditionnel inspir\u00e9 du plus ancien quartier de Lisbonne.<\/p>\n","protected":false},"featured_media":531068,"comment_status":"open","ping_status":"closed","template":"","meta":[],"product_brand":[],"product_cat":[354,355,356],"product_tag":[],"class_list":{"0":"post-531066","1":"product","2":"type-product","3":"status-publish","4":"has-post-thumbnail","6":"product_cat-carrelage-salle-de-bain","7":"product_cat-cuisines","8":"product_cat-faiences","10":"first","11":"outofstock","12":"shipping-taxable","13":"purchasable","14":"product-type-simple"},"_links":{"self":[{"href":"https:\/\/tilefly.com\/fr\/wp-json\/wp\/v2\/product\/531066","targetHints":{"allow":["GET"]}}],"collection":[{"href":"https:\/\/tilefly.com\/fr\/wp-json\/wp\/v2\/product"}],"about":[{"href":"https:\/\/tilefly.com\/fr\/wp-json\/wp\/v2\/types\/product"}],"replies":[{"embeddable":true,"href":"https:\/\/tilefly.com\/fr\/wp-json\/wp\/v2\/comments?post=531066"}],"wp:featuredmedia":[{"embeddable":true,"href":"https:\/\/tilefly.com\/fr\/wp-json\/wp\/v2\/media\/531068"}],"wp:attachment":[{"href":"https:\/\/tilefly.com\/fr\/wp-json\/wp\/v2\/media?parent=531066"}],"wp:term":[{"taxonomy":"product_brand","embeddable":true,"href":"https:\/\/tilefly.com\/fr\/wp-json\/wp\/v2\/product_brand?post=531066"},{"taxonomy":"product_cat","embeddable":true,"href":"https:\/\/tilefly.com\/fr\/wp-json\/wp\/v2\/product_cat?post=531066"},{"taxonomy":"product_tag","embeddable":true,"href":"https:\/\/tilefly.com\/fr\/wp-json\/wp\/v2\/product_tag?post=531066"}],"curies":[{"name":"wp","href":"https:\/\/api.w.org\/{rel}","templated":true}]}}