{"id":531047,"date":"2020-10-14T22:46:14","date_gmt":"2024-08-13T12:38:08","guid":{"rendered":"https:\/\/tilefly.com\/producto\/attraction-30x90\/"},"modified":"2024-08-13T14:38:08","modified_gmt":"2024-08-13T12:38:08","slug":"attraction-30x90","status":"publish","type":"product","link":"https:\/\/tilefly.com\/fr\/produit\/attraction-30x90\/","title":{"rendered":"ATTRACTION 30X90"},"content":{"rendered":"<p>Superbe imprim\u00e9 animalier 30&#215;90 inspir\u00e9 des collections Roberto Cavalli.<br \/>Sa texture l\u00e9g\u00e8re et ses touches cuivr\u00e9es font de cette pi\u00e8ce le centre de l&#8217;attention.<br \/>\u00c0 combiner avec les carreaux de sol et de mur Fancy warm.  <\/p>","protected":false},"excerpt":{"rendered":"<p>Superbe imprim\u00e9 animalier 30&#215;90 inspir\u00e9 des collections Roberto Cavalli.Sa texture l\u00e9g\u00e8re et ses touches cuivr\u00e9es font de cette pi\u00e8ce le centre de l&#8217;attention.\u00c0 combiner avec les carreaux de sol et de mur Fancy warm.<\/p>\n","protected":false},"featured_media":531050,"comment_status":"open","ping_status":"closed","template":"","meta":[],"product_brand":[],"product_cat":[355,356,354],"product_tag":[],"class_list":{"0":"post-531047","1":"product","2":"type-product","3":"status-publish","4":"has-post-thumbnail","6":"product_cat-cuisines","7":"product_cat-faiences","8":"product_cat-carrelage-salle-de-bain","10":"first","11":"outofstock","12":"shipping-taxable","13":"purchasable","14":"product-type-simple"},"_links":{"self":[{"href":"https:\/\/tilefly.com\/fr\/wp-json\/wp\/v2\/product\/531047","targetHints":{"allow":["GET"]}}],"collection":[{"href":"https:\/\/tilefly.com\/fr\/wp-json\/wp\/v2\/product"}],"about":[{"href":"https:\/\/tilefly.com\/fr\/wp-json\/wp\/v2\/types\/product"}],"replies":[{"embeddable":true,"href":"https:\/\/tilefly.com\/fr\/wp-json\/wp\/v2\/comments?post=531047"}],"wp:featuredmedia":[{"embeddable":true,"href":"https:\/\/tilefly.com\/fr\/wp-json\/wp\/v2\/media\/531050"}],"wp:attachment":[{"href":"https:\/\/tilefly.com\/fr\/wp-json\/wp\/v2\/media?parent=531047"}],"wp:term":[{"taxonomy":"product_brand","embeddable":true,"href":"https:\/\/tilefly.com\/fr\/wp-json\/wp\/v2\/product_brand?post=531047"},{"taxonomy":"product_cat","embeddable":true,"href":"https:\/\/tilefly.com\/fr\/wp-json\/wp\/v2\/product_cat?post=531047"},{"taxonomy":"product_tag","embeddable":true,"href":"https:\/\/tilefly.com\/fr\/wp-json\/wp\/v2\/product_tag?post=531047"}],"curies":[{"name":"wp","href":"https:\/\/api.w.org\/{rel}","templated":true}]}}