{"id":531043,"date":"2020-10-13T00:49:27","date_gmt":"2024-08-13T12:38:07","guid":{"rendered":"https:\/\/tilefly.com\/producto\/arabesque-sky-30x90\/"},"modified":"2024-08-13T14:38:07","modified_gmt":"2024-08-13T12:38:07","slug":"arabesque-sky-30x90","status":"publish","type":"product","link":"https:\/\/tilefly.com\/fr\/produit\/arabesque-sky-30x90\/","title":{"rendered":"ARABESQUE SKY 30X90"},"content":{"rendered":"<p>Carreaux d\u00e9licats d&#8217;aspect marbre avec une finition brillante, format 30x90cm, sa douce couleur bleu gris avec des veines remplira n&#8217;importe quelle pi\u00e8ce de luminosit\u00e9 et de sophistication.<br \/>SELENE, la nouvelle s\u00e9rie c\u00e9ramique o\u00f9 le graphisme de l&#8217;onyx naturel est d\u00e9licatement trait\u00e9 dans une gamme chromatique qui va du ton ivoire au gris intense, en passant par le bleu gris et le brun.<br \/>SELENE est une s\u00e9rie pleine de luxe et de sophistication pour les espaces publics et priv\u00e9s.  <\/p>","protected":false},"excerpt":{"rendered":"<p>Carreaux d\u00e9licats d&#8217;aspect marbre avec une finition brillante, format 30x90cm, sa douce couleur bleu gris avec des veines remplira n&#8217;importe quelle pi\u00e8ce de luminosit\u00e9 et de sophistication.SELENE, la nouvelle s\u00e9rie c\u00e9ramique o\u00f9 le graphisme de l&#8217;onyx naturel est d\u00e9licatement trait\u00e9 dans une gamme chromatique qui va du ton ivoire au gris intense, en passant par [&hellip;]<\/p>\n","protected":false},"featured_media":116835,"comment_status":"open","ping_status":"closed","template":"","meta":[],"product_brand":[],"product_cat":[355,356,354],"product_tag":[],"class_list":{"0":"post-531043","1":"product","2":"type-product","3":"status-publish","4":"has-post-thumbnail","6":"product_cat-cuisines","7":"product_cat-faiences","8":"product_cat-carrelage-salle-de-bain","10":"first","11":"instock","12":"shipping-taxable","13":"purchasable","14":"product-type-simple"},"_links":{"self":[{"href":"https:\/\/tilefly.com\/fr\/wp-json\/wp\/v2\/product\/531043","targetHints":{"allow":["GET"]}}],"collection":[{"href":"https:\/\/tilefly.com\/fr\/wp-json\/wp\/v2\/product"}],"about":[{"href":"https:\/\/tilefly.com\/fr\/wp-json\/wp\/v2\/types\/product"}],"replies":[{"embeddable":true,"href":"https:\/\/tilefly.com\/fr\/wp-json\/wp\/v2\/comments?post=531043"}],"wp:featuredmedia":[{"embeddable":true,"href":"https:\/\/tilefly.com\/fr\/wp-json\/wp\/v2\/media\/116835"}],"wp:attachment":[{"href":"https:\/\/tilefly.com\/fr\/wp-json\/wp\/v2\/media?parent=531043"}],"wp:term":[{"taxonomy":"product_brand","embeddable":true,"href":"https:\/\/tilefly.com\/fr\/wp-json\/wp\/v2\/product_brand?post=531043"},{"taxonomy":"product_cat","embeddable":true,"href":"https:\/\/tilefly.com\/fr\/wp-json\/wp\/v2\/product_cat?post=531043"},{"taxonomy":"product_tag","embeddable":true,"href":"https:\/\/tilefly.com\/fr\/wp-json\/wp\/v2\/product_tag?post=531043"}],"curies":[{"name":"wp","href":"https:\/\/api.w.org\/{rel}","templated":true}]}}