{"id":530062,"date":"2024-01-20T15:34:41","date_gmt":"2024-08-13T12:02:01","guid":{"rendered":"https:\/\/tilefly.com\/producto\/caliope\/"},"modified":"2024-08-13T14:02:01","modified_gmt":"2024-08-13T12:02:01","slug":"caliope","status":"publish","type":"product","link":"https:\/\/tilefly.com\/fr\/produit\/caliope\/","title":{"rendered":"CALIOPE"},"content":{"rendered":"<div class=\"bloque container\"><h1>S\u00e9rie Caliope<\/h1><p>L\u00e0 o\u00f9 l&#8217;excellence du design et la fonctionnalit\u00e9 se rencontrent.<br \/>D\u00e9couvrez notre large gamme de carreaux en gr\u00e8s c\u00e9rame qui red\u00e9finissent l&#8217;\u00e9l\u00e9gance des carreaux de mur et de sol.<br \/>Des tons doux et naturels de Beige et Natural \u00e0 la puret\u00e9 de White et \u00e0 la sophistication de Pearl, la s\u00e9rie Caliope offre une palette polyvalente pour tous les projets.<br \/>Explorez diff\u00e9rents formats, des classiques 30&#215;60, 60&#215;60 et 60&#215;120 aux options sp\u00e9ciales telles que le caliope d&#8217;une \u00e9paisseur de 20 mm et le poli pour une touche de luxe.<br \/>Trouvez la combinaison parfaite de style et de r\u00e9sistance pour vos espaces avec caliope, que ce soit \u00e0 l&#8217;int\u00e9rieur ou \u00e0 l&#8217;ext\u00e9rieur.    <\/p><\/p><\/div>","protected":false},"excerpt":{"rendered":"","protected":false},"featured_media":525973,"comment_status":"closed","ping_status":"closed","template":"","meta":[],"product_brand":[],"product_cat":[353,355,356,354,357],"product_tag":[],"class_list":{"0":"post-530062","1":"product","2":"type-product","3":"status-publish","4":"has-post-thumbnail","6":"product_cat-carrelage","7":"product_cat-cuisines","8":"product_cat-faiences","9":"product_cat-carrelage-salle-de-bain","10":"product_cat-carrelage-salon","12":"first","13":"instock","14":"shipping-taxable","15":"product-type-grouped"},"_links":{"self":[{"href":"https:\/\/tilefly.com\/fr\/wp-json\/wp\/v2\/product\/530062","targetHints":{"allow":["GET"]}}],"collection":[{"href":"https:\/\/tilefly.com\/fr\/wp-json\/wp\/v2\/product"}],"about":[{"href":"https:\/\/tilefly.com\/fr\/wp-json\/wp\/v2\/types\/product"}],"replies":[{"embeddable":true,"href":"https:\/\/tilefly.com\/fr\/wp-json\/wp\/v2\/comments?post=530062"}],"wp:featuredmedia":[{"embeddable":true,"href":"https:\/\/tilefly.com\/fr\/wp-json\/wp\/v2\/media\/525973"}],"wp:attachment":[{"href":"https:\/\/tilefly.com\/fr\/wp-json\/wp\/v2\/media?parent=530062"}],"wp:term":[{"taxonomy":"product_brand","embeddable":true,"href":"https:\/\/tilefly.com\/fr\/wp-json\/wp\/v2\/product_brand?post=530062"},{"taxonomy":"product_cat","embeddable":true,"href":"https:\/\/tilefly.com\/fr\/wp-json\/wp\/v2\/product_cat?post=530062"},{"taxonomy":"product_tag","embeddable":true,"href":"https:\/\/tilefly.com\/fr\/wp-json\/wp\/v2\/product_tag?post=530062"}],"curies":[{"name":"wp","href":"https:\/\/api.w.org\/{rel}","templated":true}]}}