{"id":530035,"date":"2023-09-13T16:47:34","date_gmt":"2023-09-13T14:47:34","guid":{"rendered":"https:\/\/tilefly.com\/producto\/narbona-pearl-mt-333x90-rect\/"},"modified":"2024-08-13T14:01:34","modified_gmt":"2024-08-13T12:01:34","slug":"narbona-pearl-mt-333x90-rect","status":"publish","type":"product","link":"https:\/\/tilefly.com\/fr\/produit\/narbona-pearl-mt-333x90-rect\/","title":{"rendered":"NARBONA PEARL MT 33,3X90 RECT."},"content":{"rendered":"<h1><strong>Carreaux de fa\u00efence Narbona Pearl MT 33,3X90 Rect \u00e0 p\u00e2te blanche<\/strong><\/h1><p>  Ce carreau de la s\u00e9rie Narbona au format 33,3X90 est un carreau de corps de couleur blanche avec une finition mate.<\/p>","protected":false},"excerpt":{"rendered":"<p>Carreaux de fa\u00efence Narbona Pearl MT 33,3X90 Rect \u00e0 p\u00e2te blanche Ce carreau de la s\u00e9rie Narbona au format 33,3X90 est un carreau de corps de couleur blanche avec une finition mate.<\/p>\n","protected":false},"featured_media":524904,"comment_status":"closed","ping_status":"closed","template":"","meta":[],"product_brand":[],"product_cat":[358],"product_tag":[],"class_list":{"0":"post-530035","1":"product","2":"type-product","3":"status-publish","4":"has-post-thumbnail","6":"product_cat-non-categorise","8":"first","9":"outofstock","10":"shipping-taxable","11":"purchasable","12":"product-type-simple"},"_links":{"self":[{"href":"https:\/\/tilefly.com\/fr\/wp-json\/wp\/v2\/product\/530035","targetHints":{"allow":["GET"]}}],"collection":[{"href":"https:\/\/tilefly.com\/fr\/wp-json\/wp\/v2\/product"}],"about":[{"href":"https:\/\/tilefly.com\/fr\/wp-json\/wp\/v2\/types\/product"}],"replies":[{"embeddable":true,"href":"https:\/\/tilefly.com\/fr\/wp-json\/wp\/v2\/comments?post=530035"}],"wp:featuredmedia":[{"embeddable":true,"href":"https:\/\/tilefly.com\/fr\/wp-json\/wp\/v2\/media\/524904"}],"wp:attachment":[{"href":"https:\/\/tilefly.com\/fr\/wp-json\/wp\/v2\/media?parent=530035"}],"wp:term":[{"taxonomy":"product_brand","embeddable":true,"href":"https:\/\/tilefly.com\/fr\/wp-json\/wp\/v2\/product_brand?post=530035"},{"taxonomy":"product_cat","embeddable":true,"href":"https:\/\/tilefly.com\/fr\/wp-json\/wp\/v2\/product_cat?post=530035"},{"taxonomy":"product_tag","embeddable":true,"href":"https:\/\/tilefly.com\/fr\/wp-json\/wp\/v2\/product_tag?post=530035"}],"curies":[{"name":"wp","href":"https:\/\/api.w.org\/{rel}","templated":true}]}}