{"id":529983,"date":"2024-08-12T18:15:35","date_gmt":"2024-08-12T16:15:35","guid":{"rendered":"https:\/\/tilefly.com\/producto\/baltra-pearl-sat-60x120-rect\/"},"modified":"2024-08-12T18:39:18","modified_gmt":"2024-08-12T16:39:18","slug":"baltra-pearl-sat-60x120-rect","status":"publish","type":"product","link":"https:\/\/tilefly.com\/fr\/produit\/baltra-pearl-sat-60x120-rect\/","title":{"rendered":"BALTRA PEARL SAT 60X120 RECT"},"content":{"rendered":"<h1><strong>BALTRA PEARL SAT 60X120 RECT<\/strong><\/h1><p>Le Carreaux BALTRA PEARL en format 60&#215;120 est un \u00e9l\u00e9gant carreau en gr\u00e8s c\u00e9rame de couleur Pearl, avec une finition Satin sophistiqu\u00e9e.<br \/>Son design rectifi\u00e9 permet une pose pr\u00e9cise et moderne, id\u00e9ale pour mettre en valeur n&#8217;importe quel espace int\u00e9rieur.<br \/>Ce mat\u00e9riau de haute qualit\u00e9 offre non seulement une esth\u00e9tique contemporaine, mais garantit \u00e9galement la durabilit\u00e9 et la facilit\u00e9 d&#8217;entretien, ce qui en fait le choix id\u00e9al pour ceux qui recherchent une touche de distinction dans leurs environnements.  <\/p>","protected":false},"excerpt":{"rendered":"<p>BALTRA PEARL SAT 60X120 RECTLe Carreaux BALTRA PEARL en format 60&#215;120 est un \u00e9l\u00e9gant carreau en gr\u00e8s c\u00e9rame de couleur Pearl, avec une finition Satin sophistiqu\u00e9e.Son design rectifi\u00e9 permet une pose pr\u00e9cise et moderne, id\u00e9ale pour mettre en valeur n&#8217;importe quel espace int\u00e9rieur.Ce mat\u00e9riau de haute qualit\u00e9 offre non seulement une esth\u00e9tique contemporaine, mais garantit [&hellip;]<\/p>\n","protected":false},"featured_media":529794,"comment_status":"open","ping_status":"closed","template":"","meta":[],"product_brand":[],"product_cat":[353,355,356,354],"product_tag":[],"class_list":{"0":"post-529983","1":"product","2":"type-product","3":"status-publish","4":"has-post-thumbnail","6":"product_cat-carrelage","7":"product_cat-cuisines","8":"product_cat-faiences","9":"product_cat-carrelage-salle-de-bain","11":"first","12":"instock","13":"shipping-taxable","14":"purchasable","15":"product-type-simple"},"_links":{"self":[{"href":"https:\/\/tilefly.com\/fr\/wp-json\/wp\/v2\/product\/529983","targetHints":{"allow":["GET"]}}],"collection":[{"href":"https:\/\/tilefly.com\/fr\/wp-json\/wp\/v2\/product"}],"about":[{"href":"https:\/\/tilefly.com\/fr\/wp-json\/wp\/v2\/types\/product"}],"replies":[{"embeddable":true,"href":"https:\/\/tilefly.com\/fr\/wp-json\/wp\/v2\/comments?post=529983"}],"wp:featuredmedia":[{"embeddable":true,"href":"https:\/\/tilefly.com\/fr\/wp-json\/wp\/v2\/media\/529794"}],"wp:attachment":[{"href":"https:\/\/tilefly.com\/fr\/wp-json\/wp\/v2\/media?parent=529983"}],"wp:term":[{"taxonomy":"product_brand","embeddable":true,"href":"https:\/\/tilefly.com\/fr\/wp-json\/wp\/v2\/product_brand?post=529983"},{"taxonomy":"product_cat","embeddable":true,"href":"https:\/\/tilefly.com\/fr\/wp-json\/wp\/v2\/product_cat?post=529983"},{"taxonomy":"product_tag","embeddable":true,"href":"https:\/\/tilefly.com\/fr\/wp-json\/wp\/v2\/product_tag?post=529983"}],"curies":[{"name":"wp","href":"https:\/\/api.w.org\/{rel}","templated":true}]}}