{"id":529963,"date":"2024-07-31T18:46:32","date_gmt":"2024-07-31T16:46:32","guid":{"rendered":"https:\/\/tilefly.com\/producto\/sakhir-soft-ivory-sat-100x100-rect\/"},"modified":"2024-08-12T18:38:49","modified_gmt":"2024-08-12T16:38:49","slug":"sakhir-soft-ivory-sat-100x100-rect","status":"publish","type":"product","link":"https:\/\/tilefly.com\/fr\/produit\/sakhir-soft-ivory-sat-100x100-rect\/","title":{"rendered":"SAKHIR SOFT IVORY SAT 100X100 RECT"},"content":{"rendered":"<h1><strong>Gr\u00e8s c\u00e9rame Sakhir Soft Ivory Satin 100X100 Rectifi\u00e9<\/strong><\/h1><p>Ce carreau de la s\u00e9rie Sakhir Soft au format 100X100 est un carreau en gr\u00e8s c\u00e9rame \u00e9maill\u00e9 rectifi\u00e9 de couleur grise en finition satin\u00e9e.<br \/>Son grand format et sa finition lisse cr\u00e9ent des atmosph\u00e8res sophistiqu\u00e9es et spacieuses. <\/p>","protected":false},"excerpt":{"rendered":"<p>Gr\u00e8s c\u00e9rame Sakhir Soft Ivory Satin 100X100 Rectifi\u00e9Ce carreau de la s\u00e9rie Sakhir Soft au format 100X100 est un carreau en gr\u00e8s c\u00e9rame \u00e9maill\u00e9 rectifi\u00e9 de couleur grise en finition satin\u00e9e.Son grand format et sa finition lisse cr\u00e9ent des atmosph\u00e8res sophistiqu\u00e9es et spacieuses.<\/p>\n","protected":false},"featured_media":529546,"comment_status":"open","ping_status":"closed","template":"","meta":[],"product_brand":[],"product_cat":[353,355,356,354],"product_tag":[],"class_list":{"0":"post-529963","1":"product","2":"type-product","3":"status-publish","4":"has-post-thumbnail","6":"product_cat-carrelage","7":"product_cat-cuisines","8":"product_cat-faiences","9":"product_cat-carrelage-salle-de-bain","11":"first","12":"instock","13":"shipping-taxable","14":"purchasable","15":"product-type-simple"},"_links":{"self":[{"href":"https:\/\/tilefly.com\/fr\/wp-json\/wp\/v2\/product\/529963","targetHints":{"allow":["GET"]}}],"collection":[{"href":"https:\/\/tilefly.com\/fr\/wp-json\/wp\/v2\/product"}],"about":[{"href":"https:\/\/tilefly.com\/fr\/wp-json\/wp\/v2\/types\/product"}],"replies":[{"embeddable":true,"href":"https:\/\/tilefly.com\/fr\/wp-json\/wp\/v2\/comments?post=529963"}],"wp:featuredmedia":[{"embeddable":true,"href":"https:\/\/tilefly.com\/fr\/wp-json\/wp\/v2\/media\/529546"}],"wp:attachment":[{"href":"https:\/\/tilefly.com\/fr\/wp-json\/wp\/v2\/media?parent=529963"}],"wp:term":[{"taxonomy":"product_brand","embeddable":true,"href":"https:\/\/tilefly.com\/fr\/wp-json\/wp\/v2\/product_brand?post=529963"},{"taxonomy":"product_cat","embeddable":true,"href":"https:\/\/tilefly.com\/fr\/wp-json\/wp\/v2\/product_cat?post=529963"},{"taxonomy":"product_tag","embeddable":true,"href":"https:\/\/tilefly.com\/fr\/wp-json\/wp\/v2\/product_tag?post=529963"}],"curies":[{"name":"wp","href":"https:\/\/api.w.org\/{rel}","templated":true}]}}