{"id":529955,"date":"2024-06-24T17:10:44","date_gmt":"2024-06-24T15:10:44","guid":{"rendered":"https:\/\/tilefly.com\/producto\/sublime-grey-pul-60x120-rect\/"},"modified":"2024-08-12T18:38:37","modified_gmt":"2024-08-12T16:38:37","slug":"sublime-grey-pul-60x120-rect","status":"publish","type":"product","link":"https:\/\/tilefly.com\/fr\/produit\/sublime-grey-pul-60x120-rect\/","title":{"rendered":"SUBLIME GREY PUL. 60X120 RECT."},"content":{"rendered":"<p>Carreaux en Gr\u00e8s c\u00e9rame \u00e9maill\u00e9 SUBLIME GREY 60X120 RECT PULIDO Ce carreau de la s\u00e9rie SUBLIME au format 60X120 est un carreau en gr\u00e8s c\u00e9rame \u00e9maill\u00e9 de couleur ivoire en finition polie.<\/p>","protected":false},"excerpt":{"rendered":"<p>Carreaux en Gr\u00e8s c\u00e9rame \u00e9maill\u00e9 SUBLIME GREY 60X120 RECT PULIDO Ce carreau de la s\u00e9rie SUBLIME au format 60X120 est un carreau en gr\u00e8s c\u00e9rame \u00e9maill\u00e9 de couleur ivoire en finition polie.<\/p>\n","protected":false},"featured_media":529239,"comment_status":"closed","ping_status":"closed","template":"","meta":[],"product_brand":[],"product_cat":[353,355,356,354,357],"product_tag":[],"class_list":{"0":"post-529955","1":"product","2":"type-product","3":"status-publish","4":"has-post-thumbnail","6":"product_cat-carrelage","7":"product_cat-cuisines","8":"product_cat-faiences","9":"product_cat-carrelage-salle-de-bain","10":"product_cat-carrelage-salon","12":"first","13":"instock","14":"shipping-taxable","15":"purchasable","16":"product-type-simple"},"_links":{"self":[{"href":"https:\/\/tilefly.com\/fr\/wp-json\/wp\/v2\/product\/529955","targetHints":{"allow":["GET"]}}],"collection":[{"href":"https:\/\/tilefly.com\/fr\/wp-json\/wp\/v2\/product"}],"about":[{"href":"https:\/\/tilefly.com\/fr\/wp-json\/wp\/v2\/types\/product"}],"replies":[{"embeddable":true,"href":"https:\/\/tilefly.com\/fr\/wp-json\/wp\/v2\/comments?post=529955"}],"wp:featuredmedia":[{"embeddable":true,"href":"https:\/\/tilefly.com\/fr\/wp-json\/wp\/v2\/media\/529239"}],"wp:attachment":[{"href":"https:\/\/tilefly.com\/fr\/wp-json\/wp\/v2\/media?parent=529955"}],"wp:term":[{"taxonomy":"product_brand","embeddable":true,"href":"https:\/\/tilefly.com\/fr\/wp-json\/wp\/v2\/product_brand?post=529955"},{"taxonomy":"product_cat","embeddable":true,"href":"https:\/\/tilefly.com\/fr\/wp-json\/wp\/v2\/product_cat?post=529955"},{"taxonomy":"product_tag","embeddable":true,"href":"https:\/\/tilefly.com\/fr\/wp-json\/wp\/v2\/product_tag?post=529955"}],"curies":[{"name":"wp","href":"https:\/\/api.w.org\/{rel}","templated":true}]}}