{"id":529944,"date":"2024-05-03T14:21:24","date_gmt":"2024-05-03T12:21:24","guid":{"rendered":"https:\/\/tilefly.com\/producto\/metro-white-glossy-15-075x150\/"},"modified":"2024-08-12T18:38:26","modified_gmt":"2024-08-12T16:38:26","slug":"metro-white-glossy-15-075x150","status":"publish","type":"product","link":"https:\/\/tilefly.com\/fr\/produit\/metro-white-glossy-15-075x150\/","title":{"rendered":"METRO WHITE GLOSSY 15 07,5X15,0"},"content":{"rendered":"<p>La s\u00e9rie METRO nous ram\u00e8ne \u00e0 New York au d\u00e9but du XXe si\u00e8cle, lorsque la ville recouvrait les murs de ses gares d&#8217;un carreau semblable \u00e0 la brique mais \u00e0 l&#8217;aspect plus \u00e9pur\u00e9, bien que tr\u00e8s r\u00e9sistant et facile \u00e0 nettoyer.<br \/>La mode revient toujours et ce classique est l\u00e0 pour rester.<br \/>Disponible dans une grande vari\u00e9t\u00e9 de formats en noir brillant et en blanc brillant et mat, la s\u00e9rie METRO est un must pour les espaces les plus modernes.  <\/p>","protected":false},"excerpt":{"rendered":"<p>La s\u00e9rie METRO nous ram\u00e8ne \u00e0 New York au d\u00e9but du XXe si\u00e8cle, lorsque la ville recouvrait les murs de ses gares d&#8217;un carreau semblable \u00e0 la brique mais \u00e0 l&#8217;aspect plus \u00e9pur\u00e9, bien que tr\u00e8s r\u00e9sistant et facile \u00e0 nettoyer.La mode revient toujours et ce classique est l\u00e0 pour rester.Disponible dans une grande vari\u00e9t\u00e9 [&hellip;]<\/p>\n","protected":false},"featured_media":529946,"comment_status":"open","ping_status":"closed","template":"","meta":[],"product_brand":[],"product_cat":[355,356,354],"product_tag":[],"class_list":{"0":"post-529944","1":"product","2":"type-product","3":"status-publish","4":"has-post-thumbnail","6":"product_cat-cuisines","7":"product_cat-faiences","8":"product_cat-carrelage-salle-de-bain","10":"first","11":"instock","12":"shipping-taxable","13":"purchasable","14":"product-type-simple"},"_links":{"self":[{"href":"https:\/\/tilefly.com\/fr\/wp-json\/wp\/v2\/product\/529944","targetHints":{"allow":["GET"]}}],"collection":[{"href":"https:\/\/tilefly.com\/fr\/wp-json\/wp\/v2\/product"}],"about":[{"href":"https:\/\/tilefly.com\/fr\/wp-json\/wp\/v2\/types\/product"}],"replies":[{"embeddable":true,"href":"https:\/\/tilefly.com\/fr\/wp-json\/wp\/v2\/comments?post=529944"}],"wp:featuredmedia":[{"embeddable":true,"href":"https:\/\/tilefly.com\/fr\/wp-json\/wp\/v2\/media\/529946"}],"wp:attachment":[{"href":"https:\/\/tilefly.com\/fr\/wp-json\/wp\/v2\/media?parent=529944"}],"wp:term":[{"taxonomy":"product_brand","embeddable":true,"href":"https:\/\/tilefly.com\/fr\/wp-json\/wp\/v2\/product_brand?post=529944"},{"taxonomy":"product_cat","embeddable":true,"href":"https:\/\/tilefly.com\/fr\/wp-json\/wp\/v2\/product_cat?post=529944"},{"taxonomy":"product_tag","embeddable":true,"href":"https:\/\/tilefly.com\/fr\/wp-json\/wp\/v2\/product_tag?post=529944"}],"curies":[{"name":"wp","href":"https:\/\/api.w.org\/{rel}","templated":true}]}}