{"id":529912,"date":"2024-08-12T18:16:34","date_gmt":"2024-08-12T16:16:34","guid":{"rendered":"https:\/\/tilefly.com\/producto\/baltra-pearl-120x120-rect-pulido\/"},"modified":"2024-08-12T18:36:56","modified_gmt":"2024-08-12T16:36:56","slug":"baltra-pearl-120x120-rect-pulido","status":"publish","type":"product","link":"https:\/\/tilefly.com\/fr\/produit\/baltra-pearl-120x120-rect-pulido\/","title":{"rendered":"BALTRA PEARL 120X120 RECT PULIDO"},"content":{"rendered":"<h1><strong>BALTRA PEARL 120X120 RECT POLI<\/strong><\/h1><p>Le carreau BALTRA PEARL au format 120&#215;120 est un \u00e9l\u00e9gant carreau en gr\u00e8s c\u00e9rame de couleur Perla, avec une finition polie qui apporte une touche de sophistication \u00e0 n&#8217;importe quel espace.<br \/>Son design rectifi\u00e9 permet une installation plus pr\u00e9cise et esth\u00e9tique, id\u00e9ale pour les int\u00e9rieurs modernes et contemporains.<br \/>Parfait pour une utilisation sur les sols et les murs, ce carreau combine durabilit\u00e9 et style, ce qui en fait le choix id\u00e9al pour ceux qui recherchent la qualit\u00e9 et la beaut\u00e9 dans leurs projets de d\u00e9coration.  <\/p>","protected":false},"excerpt":{"rendered":"<p>BALTRA PEARL 120X120 RECT POLILe carreau BALTRA PEARL au format 120&#215;120 est un \u00e9l\u00e9gant carreau en gr\u00e8s c\u00e9rame de couleur Perla, avec une finition polie qui apporte une touche de sophistication \u00e0 n&#8217;importe quel espace.Son design rectifi\u00e9 permet une installation plus pr\u00e9cise et esth\u00e9tique, id\u00e9ale pour les int\u00e9rieurs modernes et contemporains.Parfait pour une utilisation sur [&hellip;]<\/p>\n","protected":false},"featured_media":529820,"comment_status":"open","ping_status":"closed","template":"","meta":[],"product_brand":[],"product_cat":[353,355,356,354],"product_tag":[],"class_list":{"0":"post-529912","1":"product","2":"type-product","3":"status-publish","4":"has-post-thumbnail","6":"product_cat-carrelage","7":"product_cat-cuisines","8":"product_cat-faiences","9":"product_cat-carrelage-salle-de-bain","11":"first","12":"outofstock","13":"shipping-taxable","14":"purchasable","15":"product-type-simple"},"_links":{"self":[{"href":"https:\/\/tilefly.com\/fr\/wp-json\/wp\/v2\/product\/529912","targetHints":{"allow":["GET"]}}],"collection":[{"href":"https:\/\/tilefly.com\/fr\/wp-json\/wp\/v2\/product"}],"about":[{"href":"https:\/\/tilefly.com\/fr\/wp-json\/wp\/v2\/types\/product"}],"replies":[{"embeddable":true,"href":"https:\/\/tilefly.com\/fr\/wp-json\/wp\/v2\/comments?post=529912"}],"wp:featuredmedia":[{"embeddable":true,"href":"https:\/\/tilefly.com\/fr\/wp-json\/wp\/v2\/media\/529820"}],"wp:attachment":[{"href":"https:\/\/tilefly.com\/fr\/wp-json\/wp\/v2\/media?parent=529912"}],"wp:term":[{"taxonomy":"product_brand","embeddable":true,"href":"https:\/\/tilefly.com\/fr\/wp-json\/wp\/v2\/product_brand?post=529912"},{"taxonomy":"product_cat","embeddable":true,"href":"https:\/\/tilefly.com\/fr\/wp-json\/wp\/v2\/product_cat?post=529912"},{"taxonomy":"product_tag","embeddable":true,"href":"https:\/\/tilefly.com\/fr\/wp-json\/wp\/v2\/product_tag?post=529912"}],"curies":[{"name":"wp","href":"https:\/\/api.w.org\/{rel}","templated":true}]}}