{"id":529180,"date":"2024-05-03T14:21:13","date_gmt":"2024-06-13T12:51:48","guid":{"rendered":"https:\/\/tilefly.com\/producto\/coliseum-decor-mix-20x60\/"},"modified":"2024-06-13T14:51:48","modified_gmt":"2024-06-13T12:51:48","slug":"coliseum-decor-mix-20x60","status":"publish","type":"product","link":"https:\/\/tilefly.com\/fr\/produit\/coliseum-decor-mix-20x60\/","title":{"rendered":"COLISEUM DECOR MIX 20X60"},"content":{"rendered":"<p>Ce carrelage en p\u00e2te rouge de la s\u00e9rie Coliseum Decor est un carrelage mural \u00e9conomique id\u00e9al pour les zones non humides, il pr\u00e9sente une texture imitation marbre et une finition mate au format 20X60 centim\u00e8tres.<\/p>","protected":false},"excerpt":{"rendered":"<p>Ce carrelage en p\u00e2te rouge de la s\u00e9rie Coliseum Decor est un carrelage mural \u00e9conomique id\u00e9al pour les zones non humides, il pr\u00e9sente une texture imitation marbre et une finition mate au format 20X60 centim\u00e8tres.<\/p>\n","protected":false},"featured_media":529181,"comment_status":"open","ping_status":"closed","template":"","meta":[],"product_brand":[],"product_cat":[356],"product_tag":[],"class_list":{"0":"post-529180","1":"product","2":"type-product","3":"status-publish","4":"has-post-thumbnail","6":"product_cat-faiences","8":"first","9":"outofstock","10":"shipping-taxable","11":"purchasable","12":"product-type-simple"},"_links":{"self":[{"href":"https:\/\/tilefly.com\/fr\/wp-json\/wp\/v2\/product\/529180","targetHints":{"allow":["GET"]}}],"collection":[{"href":"https:\/\/tilefly.com\/fr\/wp-json\/wp\/v2\/product"}],"about":[{"href":"https:\/\/tilefly.com\/fr\/wp-json\/wp\/v2\/types\/product"}],"replies":[{"embeddable":true,"href":"https:\/\/tilefly.com\/fr\/wp-json\/wp\/v2\/comments?post=529180"}],"wp:featuredmedia":[{"embeddable":true,"href":"https:\/\/tilefly.com\/fr\/wp-json\/wp\/v2\/media\/529181"}],"wp:attachment":[{"href":"https:\/\/tilefly.com\/fr\/wp-json\/wp\/v2\/media?parent=529180"}],"wp:term":[{"taxonomy":"product_brand","embeddable":true,"href":"https:\/\/tilefly.com\/fr\/wp-json\/wp\/v2\/product_brand?post=529180"},{"taxonomy":"product_cat","embeddable":true,"href":"https:\/\/tilefly.com\/fr\/wp-json\/wp\/v2\/product_cat?post=529180"},{"taxonomy":"product_tag","embeddable":true,"href":"https:\/\/tilefly.com\/fr\/wp-json\/wp\/v2\/product_tag?post=529180"}],"curies":[{"name":"wp","href":"https:\/\/api.w.org\/{rel}","templated":true}]}}