{"id":529159,"date":"2024-05-03T14:21:10","date_gmt":"2024-05-03T12:21:10","guid":{"rendered":"https:\/\/tilefly.com\/producto\/duomo-blanco-sat-30x60\/"},"modified":"2024-06-13T00:57:10","modified_gmt":"2024-06-12T22:57:10","slug":"duomo-blanco-sat-30x60","status":"publish","type":"product","link":"https:\/\/tilefly.com\/fr\/produit\/duomo-blanco-sat-30x60\/","title":{"rendered":"DUOMO BLANCO SAT. 30X60"},"content":{"rendered":"<p>Ce Carreaux de Porcelaine de la s\u00e9rie DUOMO se distingue par son mat\u00e9riau Porcelaine Emaill\u00e9e \u00e9tant l&#8217;un des plus r\u00e9sistants sur le march\u00e9, il a une texture Imitation marbre avec une finition satin\u00e9e en format 30X60.<\/p>","protected":false},"excerpt":{"rendered":"<p>Ce Carreaux de Porcelaine de la s\u00e9rie DUOMO se distingue par son mat\u00e9riau Porcelaine Emaill\u00e9e \u00e9tant l&#8217;un des plus r\u00e9sistants sur le march\u00e9, il a une texture Imitation marbre avec une finition satin\u00e9e en format 30X60.<\/p>\n","protected":false},"featured_media":529160,"comment_status":"open","ping_status":"closed","template":"","meta":[],"product_brand":[],"product_cat":[353,355,357],"product_tag":[],"class_list":{"0":"post-529159","1":"product","2":"type-product","3":"status-publish","4":"has-post-thumbnail","6":"product_cat-carrelage","7":"product_cat-cuisines","8":"product_cat-carrelage-salon","10":"first","11":"instock","12":"shipping-taxable","13":"purchasable","14":"product-type-simple"},"_links":{"self":[{"href":"https:\/\/tilefly.com\/fr\/wp-json\/wp\/v2\/product\/529159","targetHints":{"allow":["GET"]}}],"collection":[{"href":"https:\/\/tilefly.com\/fr\/wp-json\/wp\/v2\/product"}],"about":[{"href":"https:\/\/tilefly.com\/fr\/wp-json\/wp\/v2\/types\/product"}],"replies":[{"embeddable":true,"href":"https:\/\/tilefly.com\/fr\/wp-json\/wp\/v2\/comments?post=529159"}],"wp:featuredmedia":[{"embeddable":true,"href":"https:\/\/tilefly.com\/fr\/wp-json\/wp\/v2\/media\/529160"}],"wp:attachment":[{"href":"https:\/\/tilefly.com\/fr\/wp-json\/wp\/v2\/media?parent=529159"}],"wp:term":[{"taxonomy":"product_brand","embeddable":true,"href":"https:\/\/tilefly.com\/fr\/wp-json\/wp\/v2\/product_brand?post=529159"},{"taxonomy":"product_cat","embeddable":true,"href":"https:\/\/tilefly.com\/fr\/wp-json\/wp\/v2\/product_cat?post=529159"},{"taxonomy":"product_tag","embeddable":true,"href":"https:\/\/tilefly.com\/fr\/wp-json\/wp\/v2\/product_tag?post=529159"}],"curies":[{"name":"wp","href":"https:\/\/api.w.org\/{rel}","templated":true}]}}