{"id":529156,"date":"2024-06-05T20:28:45","date_gmt":"2024-06-05T18:28:45","guid":{"rendered":"https:\/\/tilefly.com\/producto\/crassana-grey-mt-60x60-rect-inout\/"},"modified":"2024-06-13T00:56:56","modified_gmt":"2024-06-12T22:56:56","slug":"crassana-grey-mt-60x60-rect-inout","status":"publish","type":"product","link":"https:\/\/tilefly.com\/fr\/produit\/crassana-grey-mt-60x60-rect-inout\/","title":{"rendered":"CRASSANA GREY MT 60X60 RECT INOUT"},"content":{"rendered":"<h1><strong>Carreaux en gr\u00e8s c\u00e9rame \u00e9maill\u00e9 antid\u00e9rapant Crassana Grey Matt 60X60 Rectified<\/strong><\/h1><p>Ce carreau en gr\u00e8s c\u00e9rame \u00e9maill\u00e9 de la s\u00e9rie Crassana au format 60X60 est de couleur grise avec une finition mate. Son niveau antid\u00e9rapant lui permet d&#8217;\u00eatre utilis\u00e9 aussi bien \u00e0 l&#8217;int\u00e9rieur qu&#8217;\u00e0 l&#8217;ext\u00e9rieur.<\/p>","protected":false},"excerpt":{"rendered":"<p>Carreaux en gr\u00e8s c\u00e9rame \u00e9maill\u00e9 antid\u00e9rapant Crassana Grey Matt 60X60 RectifiedCe carreau en gr\u00e8s c\u00e9rame \u00e9maill\u00e9 de la s\u00e9rie Crassana au format 60X60 est de couleur grise avec une finition mate. Son niveau antid\u00e9rapant lui permet d&#8217;\u00eatre utilis\u00e9 aussi bien \u00e0 l&#8217;int\u00e9rieur qu&#8217;\u00e0 l&#8217;ext\u00e9rieur.<\/p>\n","protected":false},"featured_media":528578,"comment_status":"open","ping_status":"closed","template":"","meta":[],"product_brand":[],"product_cat":[353,355,356,354],"product_tag":[],"class_list":{"0":"post-529156","1":"product","2":"type-product","3":"status-publish","4":"has-post-thumbnail","6":"product_cat-carrelage","7":"product_cat-cuisines","8":"product_cat-faiences","9":"product_cat-carrelage-salle-de-bain","11":"first","12":"instock","13":"shipping-taxable","14":"purchasable","15":"product-type-simple"},"_links":{"self":[{"href":"https:\/\/tilefly.com\/fr\/wp-json\/wp\/v2\/product\/529156","targetHints":{"allow":["GET"]}}],"collection":[{"href":"https:\/\/tilefly.com\/fr\/wp-json\/wp\/v2\/product"}],"about":[{"href":"https:\/\/tilefly.com\/fr\/wp-json\/wp\/v2\/types\/product"}],"replies":[{"embeddable":true,"href":"https:\/\/tilefly.com\/fr\/wp-json\/wp\/v2\/comments?post=529156"}],"wp:featuredmedia":[{"embeddable":true,"href":"https:\/\/tilefly.com\/fr\/wp-json\/wp\/v2\/media\/528578"}],"wp:attachment":[{"href":"https:\/\/tilefly.com\/fr\/wp-json\/wp\/v2\/media?parent=529156"}],"wp:term":[{"taxonomy":"product_brand","embeddable":true,"href":"https:\/\/tilefly.com\/fr\/wp-json\/wp\/v2\/product_brand?post=529156"},{"taxonomy":"product_cat","embeddable":true,"href":"https:\/\/tilefly.com\/fr\/wp-json\/wp\/v2\/product_cat?post=529156"},{"taxonomy":"product_tag","embeddable":true,"href":"https:\/\/tilefly.com\/fr\/wp-json\/wp\/v2\/product_tag?post=529156"}],"curies":[{"name":"wp","href":"https:\/\/api.w.org\/{rel}","templated":true}]}}