{"id":529154,"date":"2024-06-06T00:09:36","date_gmt":"2024-06-05T22:09:36","guid":{"rendered":"https:\/\/tilefly.com\/producto\/jasper-oxido-mt-100x100-rect\/"},"modified":"2024-06-13T00:56:54","modified_gmt":"2024-06-12T22:56:54","slug":"jasper-oxido-mt-100x100-rect","status":"publish","type":"product","link":"https:\/\/tilefly.com\/fr\/produit\/jasper-oxido-mt-100x100-rect\/","title":{"rendered":"JASPER OXIDO MT 100X100 RECT"},"content":{"rendered":"<h1><strong>Carreaux en gr\u00e8s c\u00e9rame Carreaux en gr\u00e8s c\u00e9rame pour le sol Oxyde de jaspe Couleur mate Masse 100X100 Rectifi\u00e9<\/strong><\/h1><p>Ce carreau de la s\u00e9rie Jasper au format 100&#215;100 est un carreau de pav\u00e9 en gr\u00e8s c\u00e9rame dans la masse de couleur rouille en finition mate. Id\u00e9al pour l&#8217;int\u00e9rieur et l&#8217;ext\u00e9rieur.<\/p>","protected":false},"excerpt":{"rendered":"<p>Carreaux en gr\u00e8s c\u00e9rame Carreaux en gr\u00e8s c\u00e9rame pour le sol Oxyde de jaspe Couleur mate Masse 100X100 Rectifi\u00e9Ce carreau de la s\u00e9rie Jasper au format 100&#215;100 est un carreau de pav\u00e9 en gr\u00e8s c\u00e9rame dans la masse de couleur rouille en finition mate. Id\u00e9al pour l&#8217;int\u00e9rieur et l&#8217;ext\u00e9rieur.<\/p>\n","protected":false},"featured_media":528825,"comment_status":"open","ping_status":"closed","template":"","meta":[],"product_brand":[],"product_cat":[353,355,356,354],"product_tag":[],"class_list":{"0":"post-529154","1":"product","2":"type-product","3":"status-publish","4":"has-post-thumbnail","6":"product_cat-carrelage","7":"product_cat-cuisines","8":"product_cat-faiences","9":"product_cat-carrelage-salle-de-bain","11":"first","12":"outofstock","13":"shipping-taxable","14":"purchasable","15":"product-type-simple"},"_links":{"self":[{"href":"https:\/\/tilefly.com\/fr\/wp-json\/wp\/v2\/product\/529154","targetHints":{"allow":["GET"]}}],"collection":[{"href":"https:\/\/tilefly.com\/fr\/wp-json\/wp\/v2\/product"}],"about":[{"href":"https:\/\/tilefly.com\/fr\/wp-json\/wp\/v2\/types\/product"}],"replies":[{"embeddable":true,"href":"https:\/\/tilefly.com\/fr\/wp-json\/wp\/v2\/comments?post=529154"}],"wp:featuredmedia":[{"embeddable":true,"href":"https:\/\/tilefly.com\/fr\/wp-json\/wp\/v2\/media\/528825"}],"wp:attachment":[{"href":"https:\/\/tilefly.com\/fr\/wp-json\/wp\/v2\/media?parent=529154"}],"wp:term":[{"taxonomy":"product_brand","embeddable":true,"href":"https:\/\/tilefly.com\/fr\/wp-json\/wp\/v2\/product_brand?post=529154"},{"taxonomy":"product_cat","embeddable":true,"href":"https:\/\/tilefly.com\/fr\/wp-json\/wp\/v2\/product_cat?post=529154"},{"taxonomy":"product_tag","embeddable":true,"href":"https:\/\/tilefly.com\/fr\/wp-json\/wp\/v2\/product_tag?post=529154"}],"curies":[{"name":"wp","href":"https:\/\/api.w.org\/{rel}","templated":true}]}}