{"id":529152,"date":"2024-06-05T20:28:16","date_gmt":"2024-06-05T18:28:16","guid":{"rendered":"https:\/\/tilefly.com\/producto\/crassana-pearl-mt-45x45-inout\/"},"modified":"2024-06-13T00:56:52","modified_gmt":"2024-06-12T22:56:52","slug":"crassana-pearl-mt-45x45-inout","status":"publish","type":"product","link":"https:\/\/tilefly.com\/fr\/produit\/crassana-pearl-mt-45x45-inout\/","title":{"rendered":"CRASSANA PEARL MT 45X45 INOUT"},"content":{"rendered":"<h1><strong>Carreaux en gr\u00e8s c\u00e9rame \u00e9maill\u00e9 INOUT Crassana Pearl MT 45X45<\/strong><\/h1><p>Ce carreau de la s\u00e9rie Crassana au format 45&#215;45 est un carreau de sol en gr\u00e8s c\u00e9rame \u00e9maill\u00e9 de couleur Pearl avec une finition mate. Avec un niveau antid\u00e9rapant INOUT, ce carreau est id\u00e9al pour une utilisation int\u00e9rieure et ext\u00e9rieure.<\/p>","protected":false},"excerpt":{"rendered":"<p>Carreaux en gr\u00e8s c\u00e9rame \u00e9maill\u00e9 INOUT Crassana Pearl MT 45X45Ce carreau de la s\u00e9rie Crassana au format 45&#215;45 est un carreau de sol en gr\u00e8s c\u00e9rame \u00e9maill\u00e9 de couleur Pearl avec une finition mate. Avec un niveau antid\u00e9rapant INOUT, ce carreau est id\u00e9al pour une utilisation int\u00e9rieure et ext\u00e9rieure.<\/p>\n","protected":false},"featured_media":528552,"comment_status":"open","ping_status":"closed","template":"","meta":[],"product_brand":[],"product_cat":[353,355,356,354],"product_tag":[],"class_list":{"0":"post-529152","1":"product","2":"type-product","3":"status-publish","4":"has-post-thumbnail","6":"product_cat-carrelage","7":"product_cat-cuisines","8":"product_cat-faiences","9":"product_cat-carrelage-salle-de-bain","11":"first","12":"instock","13":"shipping-taxable","14":"purchasable","15":"product-type-simple"},"_links":{"self":[{"href":"https:\/\/tilefly.com\/fr\/wp-json\/wp\/v2\/product\/529152","targetHints":{"allow":["GET"]}}],"collection":[{"href":"https:\/\/tilefly.com\/fr\/wp-json\/wp\/v2\/product"}],"about":[{"href":"https:\/\/tilefly.com\/fr\/wp-json\/wp\/v2\/types\/product"}],"replies":[{"embeddable":true,"href":"https:\/\/tilefly.com\/fr\/wp-json\/wp\/v2\/comments?post=529152"}],"wp:featuredmedia":[{"embeddable":true,"href":"https:\/\/tilefly.com\/fr\/wp-json\/wp\/v2\/media\/528552"}],"wp:attachment":[{"href":"https:\/\/tilefly.com\/fr\/wp-json\/wp\/v2\/media?parent=529152"}],"wp:term":[{"taxonomy":"product_brand","embeddable":true,"href":"https:\/\/tilefly.com\/fr\/wp-json\/wp\/v2\/product_brand?post=529152"},{"taxonomy":"product_cat","embeddable":true,"href":"https:\/\/tilefly.com\/fr\/wp-json\/wp\/v2\/product_cat?post=529152"},{"taxonomy":"product_tag","embeddable":true,"href":"https:\/\/tilefly.com\/fr\/wp-json\/wp\/v2\/product_tag?post=529152"}],"curies":[{"name":"wp","href":"https:\/\/api.w.org\/{rel}","templated":true}]}}