{"id":529144,"date":"2024-06-05T20:27:25","date_gmt":"2024-06-05T18:27:25","guid":{"rendered":"https:\/\/tilefly.com\/producto\/crassana-natural-mt-20x60\/"},"modified":"2024-06-13T00:56:44","modified_gmt":"2024-06-12T22:56:44","slug":"crassana-natural-mt-20x60","status":"publish","type":"product","link":"https:\/\/tilefly.com\/fr\/produit\/crassana-natural-mt-20x60\/","title":{"rendered":"CRASSANA NATURAL MT 20X60"},"content":{"rendered":"<h1><strong>CRASSANA NATURAL MT 20X60 1A STN<\/strong><\/h1><p>Ce carreau de la s\u00e9rie Crassana au format 20X60 est un carreau \u00e0 p\u00e2te rouge de couleur Naturelle avec une finition mate. Ce carreau est id\u00e9al pour le rev\u00eatement des murs int\u00e9rieurs.<\/p>","protected":false},"excerpt":{"rendered":"<p>CRASSANA NATURAL MT 20X60 1A STNCe carreau de la s\u00e9rie Crassana au format 20X60 est un carreau \u00e0 p\u00e2te rouge de couleur Naturelle avec une finition mate. Ce carreau est id\u00e9al pour le rev\u00eatement des murs int\u00e9rieurs.<\/p>\n","protected":false},"featured_media":528500,"comment_status":"open","ping_status":"closed","template":"","meta":[],"product_brand":[],"product_cat":[355,356,354],"product_tag":[],"class_list":{"0":"post-529144","1":"product","2":"type-product","3":"status-publish","4":"has-post-thumbnail","6":"product_cat-cuisines","7":"product_cat-faiences","8":"product_cat-carrelage-salle-de-bain","10":"first","11":"outofstock","12":"shipping-taxable","13":"purchasable","14":"product-type-simple"},"_links":{"self":[{"href":"https:\/\/tilefly.com\/fr\/wp-json\/wp\/v2\/product\/529144","targetHints":{"allow":["GET"]}}],"collection":[{"href":"https:\/\/tilefly.com\/fr\/wp-json\/wp\/v2\/product"}],"about":[{"href":"https:\/\/tilefly.com\/fr\/wp-json\/wp\/v2\/types\/product"}],"replies":[{"embeddable":true,"href":"https:\/\/tilefly.com\/fr\/wp-json\/wp\/v2\/comments?post=529144"}],"wp:featuredmedia":[{"embeddable":true,"href":"https:\/\/tilefly.com\/fr\/wp-json\/wp\/v2\/media\/528500"}],"wp:attachment":[{"href":"https:\/\/tilefly.com\/fr\/wp-json\/wp\/v2\/media?parent=529144"}],"wp:term":[{"taxonomy":"product_brand","embeddable":true,"href":"https:\/\/tilefly.com\/fr\/wp-json\/wp\/v2\/product_brand?post=529144"},{"taxonomy":"product_cat","embeddable":true,"href":"https:\/\/tilefly.com\/fr\/wp-json\/wp\/v2\/product_cat?post=529144"},{"taxonomy":"product_tag","embeddable":true,"href":"https:\/\/tilefly.com\/fr\/wp-json\/wp\/v2\/product_tag?post=529144"}],"curies":[{"name":"wp","href":"https:\/\/api.w.org\/{rel}","templated":true}]}}