{"id":529143,"date":"2024-06-05T20:27:16","date_gmt":"2024-06-05T18:27:16","guid":{"rendered":"https:\/\/tilefly.com\/producto\/crassana-grey-mt-20x60\/"},"modified":"2024-06-13T00:56:42","modified_gmt":"2024-06-12T22:56:42","slug":"crassana-grey-mt-20x60","status":"publish","type":"product","link":"https:\/\/tilefly.com\/fr\/produit\/crassana-grey-mt-20x60\/","title":{"rendered":"CRASSANA GREY MT 20X60"},"content":{"rendered":"<h1><strong>CRASSANA GREY MT 20X60 1A STN<\/strong><\/h1><p>Ce carreau de la s\u00e9rie CRASSANA au format 20X60 est un carreau gris en finition mate. Il est id\u00e9al pour une utilisation \u00e0 l&#8217;int\u00e9rieur. Livr\u00e9 dans une bo\u00eete de 13 pi\u00e8ces et 64 bo\u00eetes au total.<\/p>","protected":false},"excerpt":{"rendered":"<p>CRASSANA GREY MT 20X60 1A STNCe carreau de la s\u00e9rie CRASSANA au format 20X60 est un carreau gris en finition mate. Il est id\u00e9al pour une utilisation \u00e0 l&#8217;int\u00e9rieur. Livr\u00e9 dans une bo\u00eete de 13 pi\u00e8ces et 64 bo\u00eetes au total.<\/p>\n","protected":false},"featured_media":528487,"comment_status":"open","ping_status":"closed","template":"","meta":[],"product_brand":[],"product_cat":[355,356,354],"product_tag":[],"class_list":{"0":"post-529143","1":"product","2":"type-product","3":"status-publish","4":"has-post-thumbnail","6":"product_cat-cuisines","7":"product_cat-faiences","8":"product_cat-carrelage-salle-de-bain","10":"first","11":"instock","12":"shipping-taxable","13":"purchasable","14":"product-type-simple"},"_links":{"self":[{"href":"https:\/\/tilefly.com\/fr\/wp-json\/wp\/v2\/product\/529143","targetHints":{"allow":["GET"]}}],"collection":[{"href":"https:\/\/tilefly.com\/fr\/wp-json\/wp\/v2\/product"}],"about":[{"href":"https:\/\/tilefly.com\/fr\/wp-json\/wp\/v2\/types\/product"}],"replies":[{"embeddable":true,"href":"https:\/\/tilefly.com\/fr\/wp-json\/wp\/v2\/comments?post=529143"}],"wp:featuredmedia":[{"embeddable":true,"href":"https:\/\/tilefly.com\/fr\/wp-json\/wp\/v2\/media\/528487"}],"wp:attachment":[{"href":"https:\/\/tilefly.com\/fr\/wp-json\/wp\/v2\/media?parent=529143"}],"wp:term":[{"taxonomy":"product_brand","embeddable":true,"href":"https:\/\/tilefly.com\/fr\/wp-json\/wp\/v2\/product_brand?post=529143"},{"taxonomy":"product_cat","embeddable":true,"href":"https:\/\/tilefly.com\/fr\/wp-json\/wp\/v2\/product_cat?post=529143"},{"taxonomy":"product_tag","embeddable":true,"href":"https:\/\/tilefly.com\/fr\/wp-json\/wp\/v2\/product_tag?post=529143"}],"curies":[{"name":"wp","href":"https:\/\/api.w.org\/{rel}","templated":true}]}}