{"id":529140,"date":"2024-06-05T19:49:46","date_gmt":"2024-06-05T17:49:46","guid":{"rendered":"https:\/\/tilefly.com\/producto\/olson-walnut-mt-23x120-inout\/"},"modified":"2024-06-13T00:56:40","modified_gmt":"2024-06-12T22:56:40","slug":"olson-walnut-mt-23x120-inout","status":"publish","type":"product","link":"https:\/\/tilefly.com\/fr\/produit\/olson-walnut-mt-23x120-inout\/","title":{"rendered":"OLSON WALNUT MT 23X120 INOUT"},"content":{"rendered":"<h1><strong>Gr\u00e8s c\u00e9rame \u00e9maill\u00e9 antid\u00e9rapant mat 23X120<\/strong><\/h1><p>Ce carreau de la s\u00e9rie Olson au format 23X120 est un carreau en gr\u00e8s c\u00e9rame \u00e9maill\u00e9 de couleur Noyer en finition mate avec un niveau antid\u00e9rapant, id\u00e9al pour \u00eatre utilis\u00e9 aussi bien \u00e0 l&#8217;int\u00e9rieur qu&#8217;\u00e0 l&#8217;ext\u00e9rieur.<\/p>","protected":false},"excerpt":{"rendered":"<p>Gr\u00e8s c\u00e9rame \u00e9maill\u00e9 antid\u00e9rapant mat 23X120Ce carreau de la s\u00e9rie Olson au format 23X120 est un carreau en gr\u00e8s c\u00e9rame \u00e9maill\u00e9 de couleur Noyer en finition mate avec un niveau antid\u00e9rapant, id\u00e9al pour \u00eatre utilis\u00e9 aussi bien \u00e0 l&#8217;int\u00e9rieur qu&#8217;\u00e0 l&#8217;ext\u00e9rieur.<\/p>\n","protected":false},"featured_media":528407,"comment_status":"open","ping_status":"closed","template":"","meta":[],"product_brand":[],"product_cat":[353,355,356,354],"product_tag":[],"class_list":{"0":"post-529140","1":"product","2":"type-product","3":"status-publish","4":"has-post-thumbnail","6":"product_cat-carrelage","7":"product_cat-cuisines","8":"product_cat-faiences","9":"product_cat-carrelage-salle-de-bain","11":"first","12":"instock","13":"shipping-taxable","14":"purchasable","15":"product-type-simple"},"_links":{"self":[{"href":"https:\/\/tilefly.com\/fr\/wp-json\/wp\/v2\/product\/529140","targetHints":{"allow":["GET"]}}],"collection":[{"href":"https:\/\/tilefly.com\/fr\/wp-json\/wp\/v2\/product"}],"about":[{"href":"https:\/\/tilefly.com\/fr\/wp-json\/wp\/v2\/types\/product"}],"replies":[{"embeddable":true,"href":"https:\/\/tilefly.com\/fr\/wp-json\/wp\/v2\/comments?post=529140"}],"wp:featuredmedia":[{"embeddable":true,"href":"https:\/\/tilefly.com\/fr\/wp-json\/wp\/v2\/media\/528407"}],"wp:attachment":[{"href":"https:\/\/tilefly.com\/fr\/wp-json\/wp\/v2\/media?parent=529140"}],"wp:term":[{"taxonomy":"product_brand","embeddable":true,"href":"https:\/\/tilefly.com\/fr\/wp-json\/wp\/v2\/product_brand?post=529140"},{"taxonomy":"product_cat","embeddable":true,"href":"https:\/\/tilefly.com\/fr\/wp-json\/wp\/v2\/product_cat?post=529140"},{"taxonomy":"product_tag","embeddable":true,"href":"https:\/\/tilefly.com\/fr\/wp-json\/wp\/v2\/product_tag?post=529140"}],"curies":[{"name":"wp","href":"https:\/\/api.w.org\/{rel}","templated":true}]}}