{"id":529134,"date":"2024-06-06T00:06:33","date_gmt":"2024-06-05T22:06:33","guid":{"rendered":"https:\/\/tilefly.com\/producto\/jasper-beige-mt-333x90-rect\/"},"modified":"2024-06-13T00:55:46","modified_gmt":"2024-06-12T22:55:46","slug":"jasper-beige-mt-333x90-rect","status":"publish","type":"product","link":"https:\/\/tilefly.com\/fr\/produit\/jasper-beige-mt-333x90-rect\/","title":{"rendered":"JASPER BEIGE MT 33,3X90 RECT"},"content":{"rendered":"<h1><strong>Carreaux de Fa\u00efence en p\u00e2te blanche Jasper Beige 33,3X90 Rectifi\u00e9  <\/strong><\/h1><p>Ce carreau de la s\u00e9rie Jasper au format 33,3X90 est un carreau de rev\u00eatement en p\u00e2te blanche en finition mate.<\/p>","protected":false},"excerpt":{"rendered":"<p>Carreaux de Fa\u00efence en p\u00e2te blanche Jasper Beige 33,3X90 Rectifi\u00e9 Ce carreau de la s\u00e9rie Jasper au format 33,3X90 est un carreau de rev\u00eatement en p\u00e2te blanche en finition mate.<\/p>\n","protected":false},"featured_media":528721,"comment_status":"open","ping_status":"closed","template":"","meta":[],"product_brand":[],"product_cat":[355,354],"product_tag":[],"class_list":{"0":"post-529134","1":"product","2":"type-product","3":"status-publish","4":"has-post-thumbnail","6":"product_cat-cuisines","7":"product_cat-carrelage-salle-de-bain","9":"first","10":"instock","11":"shipping-taxable","12":"purchasable","13":"product-type-simple"},"_links":{"self":[{"href":"https:\/\/tilefly.com\/fr\/wp-json\/wp\/v2\/product\/529134","targetHints":{"allow":["GET"]}}],"collection":[{"href":"https:\/\/tilefly.com\/fr\/wp-json\/wp\/v2\/product"}],"about":[{"href":"https:\/\/tilefly.com\/fr\/wp-json\/wp\/v2\/types\/product"}],"replies":[{"embeddable":true,"href":"https:\/\/tilefly.com\/fr\/wp-json\/wp\/v2\/comments?post=529134"}],"wp:featuredmedia":[{"embeddable":true,"href":"https:\/\/tilefly.com\/fr\/wp-json\/wp\/v2\/media\/528721"}],"wp:attachment":[{"href":"https:\/\/tilefly.com\/fr\/wp-json\/wp\/v2\/media?parent=529134"}],"wp:term":[{"taxonomy":"product_brand","embeddable":true,"href":"https:\/\/tilefly.com\/fr\/wp-json\/wp\/v2\/product_brand?post=529134"},{"taxonomy":"product_cat","embeddable":true,"href":"https:\/\/tilefly.com\/fr\/wp-json\/wp\/v2\/product_cat?post=529134"},{"taxonomy":"product_tag","embeddable":true,"href":"https:\/\/tilefly.com\/fr\/wp-json\/wp\/v2\/product_tag?post=529134"}],"curies":[{"name":"wp","href":"https:\/\/api.w.org\/{rel}","templated":true}]}}