{"id":529133,"date":"2024-06-06T00:07:50","date_gmt":"2024-06-05T22:07:50","guid":{"rendered":"https:\/\/tilefly.com\/producto\/jasper-silver-mt-60x60-rect\/"},"modified":"2024-06-13T00:55:46","modified_gmt":"2024-06-12T22:55:46","slug":"jasper-silver-mt-60x60-rect","status":"publish","type":"product","link":"https:\/\/tilefly.com\/fr\/produit\/jasper-silver-mt-60x60-rect\/","title":{"rendered":"JASPER SILVER MT 60X60 RECT"},"content":{"rendered":"<h1><strong>Carreaux de sol en gr\u00e8s c\u00e9rame color\u00e9 Jasper Silver 60X60 Rectifi\u00e9<\/strong><\/h1><p>Ce carreau de la s\u00e9rie Jasper au format 60&#215;60 est un carreau de sol en gr\u00e8s c\u00e9rame teint\u00e9 dans la masse de couleur Argent en finition mate. Id\u00e9al pour l&#8217;int\u00e9rieur et l&#8217;ext\u00e9rieur gr\u00e2ce \u00e0 son niveau antid\u00e9rapant.<\/p>","protected":false},"excerpt":{"rendered":"<p>Carreaux de sol en gr\u00e8s c\u00e9rame color\u00e9 Jasper Silver 60X60 Rectifi\u00e9Ce carreau de la s\u00e9rie Jasper au format 60&#215;60 est un carreau de sol en gr\u00e8s c\u00e9rame teint\u00e9 dans la masse de couleur Argent en finition mate. Id\u00e9al pour l&#8217;int\u00e9rieur et l&#8217;ext\u00e9rieur gr\u00e2ce \u00e0 son niveau antid\u00e9rapant.<\/p>\n","protected":false},"featured_media":528773,"comment_status":"open","ping_status":"closed","template":"","meta":[],"product_brand":[],"product_cat":[353,355,356,354],"product_tag":[],"class_list":{"0":"post-529133","1":"product","2":"type-product","3":"status-publish","4":"has-post-thumbnail","6":"product_cat-carrelage","7":"product_cat-cuisines","8":"product_cat-faiences","9":"product_cat-carrelage-salle-de-bain","11":"first","12":"instock","13":"shipping-taxable","14":"purchasable","15":"product-type-simple"},"_links":{"self":[{"href":"https:\/\/tilefly.com\/fr\/wp-json\/wp\/v2\/product\/529133","targetHints":{"allow":["GET"]}}],"collection":[{"href":"https:\/\/tilefly.com\/fr\/wp-json\/wp\/v2\/product"}],"about":[{"href":"https:\/\/tilefly.com\/fr\/wp-json\/wp\/v2\/types\/product"}],"replies":[{"embeddable":true,"href":"https:\/\/tilefly.com\/fr\/wp-json\/wp\/v2\/comments?post=529133"}],"wp:featuredmedia":[{"embeddable":true,"href":"https:\/\/tilefly.com\/fr\/wp-json\/wp\/v2\/media\/528773"}],"wp:attachment":[{"href":"https:\/\/tilefly.com\/fr\/wp-json\/wp\/v2\/media?parent=529133"}],"wp:term":[{"taxonomy":"product_brand","embeddable":true,"href":"https:\/\/tilefly.com\/fr\/wp-json\/wp\/v2\/product_brand?post=529133"},{"taxonomy":"product_cat","embeddable":true,"href":"https:\/\/tilefly.com\/fr\/wp-json\/wp\/v2\/product_cat?post=529133"},{"taxonomy":"product_tag","embeddable":true,"href":"https:\/\/tilefly.com\/fr\/wp-json\/wp\/v2\/product_tag?post=529133"}],"curies":[{"name":"wp","href":"https:\/\/api.w.org\/{rel}","templated":true}]}}