{"id":529132,"date":"2024-06-06T00:06:13","date_gmt":"2024-06-05T22:06:13","guid":{"rendered":"https:\/\/tilefly.com\/producto\/jasper-cr-light-mt-333x90-rect\/"},"modified":"2024-06-13T00:55:45","modified_gmt":"2024-06-12T22:55:45","slug":"jasper-cr-light-mt-333x90-rect","status":"publish","type":"product","link":"https:\/\/tilefly.com\/fr\/produit\/jasper-cr-light-mt-333x90-rect\/","title":{"rendered":"JASPER CR LIGHT MT 33,3X90 RECT"},"content":{"rendered":"<h1><strong>Jasper CR Light MT 33,3X90 Rectifi\u00e9 Carreaux de Fa\u00efence en p\u00e2te blanche Jasper CR Light MT 33,3X90 Rectifi\u00e9<\/strong><\/h1><p>Ce carreau de la s\u00e9rie Jasper au format 33,3X90 est un carreau en p\u00e2te blanche de couleur claire en finition mate. Id\u00e9al pour donner une touche d&#8217;\u00e9l\u00e9gance \u00e0 vos murs.<\/p>","protected":false},"excerpt":{"rendered":"<p>Jasper CR Light MT 33,3X90 Rectifi\u00e9 Carreaux de Fa\u00efence en p\u00e2te blanche Jasper CR Light MT 33,3X90 Rectifi\u00e9Ce carreau de la s\u00e9rie Jasper au format 33,3X90 est un carreau en p\u00e2te blanche de couleur claire en finition mate. Id\u00e9al pour donner une touche d&#8217;\u00e9l\u00e9gance \u00e0 vos murs.<\/p>\n","protected":false},"featured_media":528708,"comment_status":"open","ping_status":"closed","template":"","meta":[],"product_brand":[],"product_cat":[355,354],"product_tag":[],"class_list":{"0":"post-529132","1":"product","2":"type-product","3":"status-publish","4":"has-post-thumbnail","6":"product_cat-cuisines","7":"product_cat-carrelage-salle-de-bain","9":"first","10":"instock","11":"shipping-taxable","12":"purchasable","13":"product-type-simple"},"_links":{"self":[{"href":"https:\/\/tilefly.com\/fr\/wp-json\/wp\/v2\/product\/529132","targetHints":{"allow":["GET"]}}],"collection":[{"href":"https:\/\/tilefly.com\/fr\/wp-json\/wp\/v2\/product"}],"about":[{"href":"https:\/\/tilefly.com\/fr\/wp-json\/wp\/v2\/types\/product"}],"replies":[{"embeddable":true,"href":"https:\/\/tilefly.com\/fr\/wp-json\/wp\/v2\/comments?post=529132"}],"wp:featuredmedia":[{"embeddable":true,"href":"https:\/\/tilefly.com\/fr\/wp-json\/wp\/v2\/media\/528708"}],"wp:attachment":[{"href":"https:\/\/tilefly.com\/fr\/wp-json\/wp\/v2\/media?parent=529132"}],"wp:term":[{"taxonomy":"product_brand","embeddable":true,"href":"https:\/\/tilefly.com\/fr\/wp-json\/wp\/v2\/product_brand?post=529132"},{"taxonomy":"product_cat","embeddable":true,"href":"https:\/\/tilefly.com\/fr\/wp-json\/wp\/v2\/product_cat?post=529132"},{"taxonomy":"product_tag","embeddable":true,"href":"https:\/\/tilefly.com\/fr\/wp-json\/wp\/v2\/product_tag?post=529132"}],"curies":[{"name":"wp","href":"https:\/\/api.w.org\/{rel}","templated":true}]}}