{"id":529128,"date":"2024-06-06T00:04:53","date_gmt":"2024-06-05T22:04:53","guid":{"rendered":"https:\/\/tilefly.com\/producto\/jasper-white-mt-100x100-rect\/"},"modified":"2024-06-13T00:55:42","modified_gmt":"2024-06-12T22:55:42","slug":"jasper-white-mt-100x100-rect","status":"publish","type":"product","link":"https:\/\/tilefly.com\/fr\/produit\/jasper-white-mt-100x100-rect\/","title":{"rendered":"JASPER WHITE MT 100X100 RECT"},"content":{"rendered":"<h1><strong>M.C JASPER WHITE MT 100X100 RECT.  <\/strong><\/h1><p>Ce gr\u00e8s c\u00e9rame de la s\u00e9rie Jasper au format 100&#215;100 est un gr\u00e8s c\u00e9rame de masse de couleur blanche en finition mate. Il peut \u00eatre utilis\u00e9 aussi bien \u00e0 l&#8217;int\u00e9rieur qu&#8217;\u00e0 l&#8217;ext\u00e9rieur.<\/p>","protected":false},"excerpt":{"rendered":"<p>M.C JASPER WHITE MT 100X100 RECT. Ce gr\u00e8s c\u00e9rame de la s\u00e9rie Jasper au format 100&#215;100 est un gr\u00e8s c\u00e9rame de masse de couleur blanche en finition mate. Il peut \u00eatre utilis\u00e9 aussi bien \u00e0 l&#8217;int\u00e9rieur qu&#8217;\u00e0 l&#8217;ext\u00e9rieur.<\/p>\n","protected":false},"featured_media":528656,"comment_status":"open","ping_status":"closed","template":"","meta":[],"product_brand":[],"product_cat":[353,355,356,354],"product_tag":[],"class_list":{"0":"post-529128","1":"product","2":"type-product","3":"status-publish","4":"has-post-thumbnail","6":"product_cat-carrelage","7":"product_cat-cuisines","8":"product_cat-faiences","9":"product_cat-carrelage-salle-de-bain","11":"first","12":"instock","13":"shipping-taxable","14":"purchasable","15":"product-type-simple"},"_links":{"self":[{"href":"https:\/\/tilefly.com\/fr\/wp-json\/wp\/v2\/product\/529128","targetHints":{"allow":["GET"]}}],"collection":[{"href":"https:\/\/tilefly.com\/fr\/wp-json\/wp\/v2\/product"}],"about":[{"href":"https:\/\/tilefly.com\/fr\/wp-json\/wp\/v2\/types\/product"}],"replies":[{"embeddable":true,"href":"https:\/\/tilefly.com\/fr\/wp-json\/wp\/v2\/comments?post=529128"}],"wp:featuredmedia":[{"embeddable":true,"href":"https:\/\/tilefly.com\/fr\/wp-json\/wp\/v2\/media\/528656"}],"wp:attachment":[{"href":"https:\/\/tilefly.com\/fr\/wp-json\/wp\/v2\/media?parent=529128"}],"wp:term":[{"taxonomy":"product_brand","embeddable":true,"href":"https:\/\/tilefly.com\/fr\/wp-json\/wp\/v2\/product_brand?post=529128"},{"taxonomy":"product_cat","embeddable":true,"href":"https:\/\/tilefly.com\/fr\/wp-json\/wp\/v2\/product_cat?post=529128"},{"taxonomy":"product_tag","embeddable":true,"href":"https:\/\/tilefly.com\/fr\/wp-json\/wp\/v2\/product_tag?post=529128"}],"curies":[{"name":"wp","href":"https:\/\/api.w.org\/{rel}","templated":true}]}}