{"id":529125,"date":"2024-06-06T00:05:51","date_gmt":"2024-06-05T22:05:51","guid":{"rendered":"https:\/\/tilefly.com\/producto\/jasper-cr-dark-mt-333x90-rect\/"},"modified":"2024-06-13T00:55:38","modified_gmt":"2024-06-12T22:55:38","slug":"jasper-cr-dark-mt-333x90-rect","status":"publish","type":"product","link":"https:\/\/tilefly.com\/fr\/produit\/jasper-cr-dark-mt-333x90-rect\/","title":{"rendered":"JASPER CR DARK MT 33,3X90 RECT"},"content":{"rendered":"<h1><strong>Jasper CR Dark MT 33,3X90 Rect. Carreaux en p\u00e2te blanche Jasper CR Dark MT 33,3X90 Rect.  <\/strong><\/h1><p>Ce carreau de la s\u00e9rie Jasper au format 33,3X90 est un carreau en p\u00e2te blanche de couleur fonc\u00e9e en finition mate.<\/p>","protected":false},"excerpt":{"rendered":"<p>Jasper CR Dark MT 33,3X90 Rect. Carreaux en p\u00e2te blanche Jasper CR Dark MT 33,3X90 Rect. Ce carreau de la s\u00e9rie Jasper au format 33,3X90 est un carreau en p\u00e2te blanche de couleur fonc\u00e9e en finition mate.<\/p>\n","protected":false},"featured_media":528695,"comment_status":"open","ping_status":"closed","template":"","meta":[],"product_brand":[],"product_cat":[355,354],"product_tag":[],"class_list":{"0":"post-529125","1":"product","2":"type-product","3":"status-publish","4":"has-post-thumbnail","6":"product_cat-cuisines","7":"product_cat-carrelage-salle-de-bain","9":"first","10":"instock","11":"shipping-taxable","12":"purchasable","13":"product-type-simple"},"_links":{"self":[{"href":"https:\/\/tilefly.com\/fr\/wp-json\/wp\/v2\/product\/529125","targetHints":{"allow":["GET"]}}],"collection":[{"href":"https:\/\/tilefly.com\/fr\/wp-json\/wp\/v2\/product"}],"about":[{"href":"https:\/\/tilefly.com\/fr\/wp-json\/wp\/v2\/types\/product"}],"replies":[{"embeddable":true,"href":"https:\/\/tilefly.com\/fr\/wp-json\/wp\/v2\/comments?post=529125"}],"wp:featuredmedia":[{"embeddable":true,"href":"https:\/\/tilefly.com\/fr\/wp-json\/wp\/v2\/media\/528695"}],"wp:attachment":[{"href":"https:\/\/tilefly.com\/fr\/wp-json\/wp\/v2\/media?parent=529125"}],"wp:term":[{"taxonomy":"product_brand","embeddable":true,"href":"https:\/\/tilefly.com\/fr\/wp-json\/wp\/v2\/product_brand?post=529125"},{"taxonomy":"product_cat","embeddable":true,"href":"https:\/\/tilefly.com\/fr\/wp-json\/wp\/v2\/product_cat?post=529125"},{"taxonomy":"product_tag","embeddable":true,"href":"https:\/\/tilefly.com\/fr\/wp-json\/wp\/v2\/product_tag?post=529125"}],"curies":[{"name":"wp","href":"https:\/\/api.w.org\/{rel}","templated":true}]}}