{"id":529123,"date":"2024-06-05T20:29:31","date_gmt":"2024-06-05T18:29:31","guid":{"rendered":"https:\/\/tilefly.com\/producto\/crassana-natural-mt-60x60-rect-inout\/"},"modified":"2024-06-13T00:55:37","modified_gmt":"2024-06-12T22:55:37","slug":"crassana-natural-mt-60x60-rect-inout","status":"publish","type":"product","link":"https:\/\/tilefly.com\/fr\/produit\/crassana-natural-mt-60x60-rect-inout\/","title":{"rendered":"CRASSANA NATURAL MT 60X60 RECT INOUT"},"content":{"rendered":"<h1><strong>P.E. INOUT CRASSANA NATURAL MT 60X60 RECT. 1A STN<\/strong><\/h1><p>Ce carreau de la s\u00e9rie Crassana au format 60&#215;60 est un gr\u00e8s c\u00e9rame \u00e9maill\u00e9 de couleur naturelle en finition mate. Il poss\u00e8de un niveau antid\u00e9rapant INOUT, ce qui signifie qu&#8217;il peut \u00eatre utilis\u00e9 aussi bien \u00e0 l&#8217;int\u00e9rieur qu&#8217;\u00e0 l&#8217;ext\u00e9rieur.<\/p>","protected":false},"excerpt":{"rendered":"<p>P.E. INOUT CRASSANA NATURAL MT 60X60 RECT. 1A STNCe carreau de la s\u00e9rie Crassana au format 60&#215;60 est un gr\u00e8s c\u00e9rame \u00e9maill\u00e9 de couleur naturelle en finition mate. Il poss\u00e8de un niveau antid\u00e9rapant INOUT, ce qui signifie qu&#8217;il peut \u00eatre utilis\u00e9 aussi bien \u00e0 l&#8217;int\u00e9rieur qu&#8217;\u00e0 l&#8217;ext\u00e9rieur.<\/p>\n","protected":false},"featured_media":528617,"comment_status":"open","ping_status":"closed","template":"","meta":[],"product_brand":[],"product_cat":[353,355,356,354],"product_tag":[],"class_list":{"0":"post-529123","1":"product","2":"type-product","3":"status-publish","4":"has-post-thumbnail","6":"product_cat-carrelage","7":"product_cat-cuisines","8":"product_cat-faiences","9":"product_cat-carrelage-salle-de-bain","11":"first","12":"instock","13":"shipping-taxable","14":"purchasable","15":"product-type-simple"},"_links":{"self":[{"href":"https:\/\/tilefly.com\/fr\/wp-json\/wp\/v2\/product\/529123","targetHints":{"allow":["GET"]}}],"collection":[{"href":"https:\/\/tilefly.com\/fr\/wp-json\/wp\/v2\/product"}],"about":[{"href":"https:\/\/tilefly.com\/fr\/wp-json\/wp\/v2\/types\/product"}],"replies":[{"embeddable":true,"href":"https:\/\/tilefly.com\/fr\/wp-json\/wp\/v2\/comments?post=529123"}],"wp:featuredmedia":[{"embeddable":true,"href":"https:\/\/tilefly.com\/fr\/wp-json\/wp\/v2\/media\/528617"}],"wp:attachment":[{"href":"https:\/\/tilefly.com\/fr\/wp-json\/wp\/v2\/media?parent=529123"}],"wp:term":[{"taxonomy":"product_brand","embeddable":true,"href":"https:\/\/tilefly.com\/fr\/wp-json\/wp\/v2\/product_brand?post=529123"},{"taxonomy":"product_cat","embeddable":true,"href":"https:\/\/tilefly.com\/fr\/wp-json\/wp\/v2\/product_cat?post=529123"},{"taxonomy":"product_tag","embeddable":true,"href":"https:\/\/tilefly.com\/fr\/wp-json\/wp\/v2\/product_tag?post=529123"}],"curies":[{"name":"wp","href":"https:\/\/api.w.org\/{rel}","templated":true}]}}