{"id":529120,"date":"2024-06-13T00:34:51","date_gmt":"2024-06-12T22:34:51","guid":{"rendered":"https:\/\/tilefly.com\/producto\/mc-erawan-grey-mt-60x120-rect-inout\/"},"modified":"2024-06-13T00:54:15","modified_gmt":"2024-06-12T22:54:15","slug":"mc-erawan-grey-mt-60x120-rect-inout","status":"publish","type":"product","link":"https:\/\/tilefly.com\/fr\/produit\/mc-erawan-grey-mt-60x120-rect-inout\/","title":{"rendered":"MC ERAWAN GREY MT 60X120 RECT INOUT"},"content":{"rendered":"<h1><strong>ERAWAN GREY MT 60X120 RECT<\/strong><\/h1><p>Ce carreau de la s\u00e9rie ERAWAN au format 60X120 est un carreau en gr\u00e8s c\u00e9rame dans la masse de couleur grise en finition mate. Avec un niveau antid\u00e9rapant pour une utilisation int\u00e9rieure et ext\u00e9rieure. Id\u00e9al pour une utilisation \u00e0 l&#8217;int\u00e9rieur.<\/p>","protected":false},"excerpt":{"rendered":"<p>ERAWAN GREY MT 60X120 RECTCe carreau de la s\u00e9rie ERAWAN au format 60X120 est un carreau en gr\u00e8s c\u00e9rame dans la masse de couleur grise en finition mate. Avec un niveau antid\u00e9rapant pour une utilisation int\u00e9rieure et ext\u00e9rieure. Id\u00e9al pour une utilisation \u00e0 l&#8217;int\u00e9rieur.<\/p>\n","protected":false},"featured_media":529082,"comment_status":"open","ping_status":"closed","template":"","meta":[],"product_brand":[],"product_cat":[353,355,356,354],"product_tag":[],"class_list":{"0":"post-529120","1":"product","2":"type-product","3":"status-publish","4":"has-post-thumbnail","6":"product_cat-carrelage","7":"product_cat-cuisines","8":"product_cat-faiences","9":"product_cat-carrelage-salle-de-bain","11":"first","12":"instock","13":"shipping-taxable","14":"purchasable","15":"product-type-simple"},"_links":{"self":[{"href":"https:\/\/tilefly.com\/fr\/wp-json\/wp\/v2\/product\/529120","targetHints":{"allow":["GET"]}}],"collection":[{"href":"https:\/\/tilefly.com\/fr\/wp-json\/wp\/v2\/product"}],"about":[{"href":"https:\/\/tilefly.com\/fr\/wp-json\/wp\/v2\/types\/product"}],"replies":[{"embeddable":true,"href":"https:\/\/tilefly.com\/fr\/wp-json\/wp\/v2\/comments?post=529120"}],"wp:featuredmedia":[{"embeddable":true,"href":"https:\/\/tilefly.com\/fr\/wp-json\/wp\/v2\/media\/529082"}],"wp:attachment":[{"href":"https:\/\/tilefly.com\/fr\/wp-json\/wp\/v2\/media?parent=529120"}],"wp:term":[{"taxonomy":"product_brand","embeddable":true,"href":"https:\/\/tilefly.com\/fr\/wp-json\/wp\/v2\/product_brand?post=529120"},{"taxonomy":"product_cat","embeddable":true,"href":"https:\/\/tilefly.com\/fr\/wp-json\/wp\/v2\/product_cat?post=529120"},{"taxonomy":"product_tag","embeddable":true,"href":"https:\/\/tilefly.com\/fr\/wp-json\/wp\/v2\/product_tag?post=529120"}],"curies":[{"name":"wp","href":"https:\/\/api.w.org\/{rel}","templated":true}]}}