{"id":529108,"date":"2024-06-13T00:34:31","date_gmt":"2024-06-12T22:34:31","guid":{"rendered":"https:\/\/tilefly.com\/producto\/mc-erawan-grey-mt-100x100-rect-inout\/"},"modified":"2024-06-13T00:53:53","modified_gmt":"2024-06-12T22:53:53","slug":"mc-erawan-grey-mt-100x100-rect-inout","status":"publish","type":"product","link":"https:\/\/tilefly.com\/fr\/produit\/mc-erawan-grey-mt-100x100-rect-inout\/","title":{"rendered":"MC ERAWAN GREY MT 100X100 RECT INOUT"},"content":{"rendered":"<h1><strong>Gr\u00e8s c\u00e9rame, corps color\u00e9 Erawan Grey 100X100 Rectifi\u00e9<\/strong><\/h1><p>Ce carrelage mural de la s\u00e9rie Erawan au format 100&#215;100 est un gr\u00e8s c\u00e9rame en p\u00e2te de couleur grise avec une finition mate. Avec le niveau antid\u00e9rapant INOUT, il est id\u00e9al pour une utilisation \u00e0 l&#8217;int\u00e9rieur et \u00e0 l&#8217;ext\u00e9rieur.<\/p>","protected":false},"excerpt":{"rendered":"<p>Gr\u00e8s c\u00e9rame, corps color\u00e9 Erawan Grey 100X100 Rectifi\u00e9Ce carrelage mural de la s\u00e9rie Erawan au format 100&#215;100 est un gr\u00e8s c\u00e9rame en p\u00e2te de couleur grise avec une finition mate. Avec le niveau antid\u00e9rapant INOUT, il est id\u00e9al pour une utilisation \u00e0 l&#8217;int\u00e9rieur et \u00e0 l&#8217;ext\u00e9rieur.<\/p>\n","protected":false},"featured_media":529069,"comment_status":"open","ping_status":"closed","template":"","meta":[],"product_brand":[],"product_cat":[353,355,356,354],"product_tag":[],"class_list":{"0":"post-529108","1":"product","2":"type-product","3":"status-publish","4":"has-post-thumbnail","6":"product_cat-carrelage","7":"product_cat-cuisines","8":"product_cat-faiences","9":"product_cat-carrelage-salle-de-bain","11":"first","12":"instock","13":"shipping-taxable","14":"purchasable","15":"product-type-simple"},"_links":{"self":[{"href":"https:\/\/tilefly.com\/fr\/wp-json\/wp\/v2\/product\/529108","targetHints":{"allow":["GET"]}}],"collection":[{"href":"https:\/\/tilefly.com\/fr\/wp-json\/wp\/v2\/product"}],"about":[{"href":"https:\/\/tilefly.com\/fr\/wp-json\/wp\/v2\/types\/product"}],"replies":[{"embeddable":true,"href":"https:\/\/tilefly.com\/fr\/wp-json\/wp\/v2\/comments?post=529108"}],"wp:featuredmedia":[{"embeddable":true,"href":"https:\/\/tilefly.com\/fr\/wp-json\/wp\/v2\/media\/529069"}],"wp:attachment":[{"href":"https:\/\/tilefly.com\/fr\/wp-json\/wp\/v2\/media?parent=529108"}],"wp:term":[{"taxonomy":"product_brand","embeddable":true,"href":"https:\/\/tilefly.com\/fr\/wp-json\/wp\/v2\/product_brand?post=529108"},{"taxonomy":"product_cat","embeddable":true,"href":"https:\/\/tilefly.com\/fr\/wp-json\/wp\/v2\/product_cat?post=529108"},{"taxonomy":"product_tag","embeddable":true,"href":"https:\/\/tilefly.com\/fr\/wp-json\/wp\/v2\/product_tag?post=529108"}],"curies":[{"name":"wp","href":"https:\/\/api.w.org\/{rel}","templated":true}]}}