{"id":529106,"date":"2024-06-06T00:10:45","date_gmt":"2024-06-05T22:10:45","guid":{"rendered":"https:\/\/tilefly.com\/producto\/jasper-silver-mt-60x120-rect\/"},"modified":"2024-06-13T00:53:51","modified_gmt":"2024-06-12T22:53:51","slug":"jasper-silver-mt-60x120-rect","status":"publish","type":"product","link":"https:\/\/tilefly.com\/fr\/produit\/jasper-silver-mt-60x120-rect\/","title":{"rendered":"JASPER SILVER MT 60X120 RECT"},"content":{"rendered":"<h1><strong>M.C. JASPER SILVER MT 60X120 RECT.<\/strong><\/h1><p>Ce carreau de la s\u00e9rie Jasper au format 60&#215;120 est un gr\u00e8s c\u00e9rame de couleur argent\u00e9e \u00e0 la finition mate. Id\u00e9al pour la Fa\u00efence int\u00e9rieure.<\/p>","protected":false},"excerpt":{"rendered":"<p>M.C. JASPER SILVER MT 60X120 RECT.Ce carreau de la s\u00e9rie Jasper au format 60&#215;120 est un gr\u00e8s c\u00e9rame de couleur argent\u00e9e \u00e0 la finition mate. Id\u00e9al pour la Fa\u00efence int\u00e9rieure.<\/p>\n","protected":false},"featured_media":528851,"comment_status":"open","ping_status":"closed","template":"","meta":[],"product_brand":[],"product_cat":[353,355,356,354],"product_tag":[],"class_list":{"0":"post-529106","1":"product","2":"type-product","3":"status-publish","4":"has-post-thumbnail","6":"product_cat-carrelage","7":"product_cat-cuisines","8":"product_cat-faiences","9":"product_cat-carrelage-salle-de-bain","11":"first","12":"outofstock","13":"shipping-taxable","14":"purchasable","15":"product-type-simple"},"_links":{"self":[{"href":"https:\/\/tilefly.com\/fr\/wp-json\/wp\/v2\/product\/529106","targetHints":{"allow":["GET"]}}],"collection":[{"href":"https:\/\/tilefly.com\/fr\/wp-json\/wp\/v2\/product"}],"about":[{"href":"https:\/\/tilefly.com\/fr\/wp-json\/wp\/v2\/types\/product"}],"replies":[{"embeddable":true,"href":"https:\/\/tilefly.com\/fr\/wp-json\/wp\/v2\/comments?post=529106"}],"wp:featuredmedia":[{"embeddable":true,"href":"https:\/\/tilefly.com\/fr\/wp-json\/wp\/v2\/media\/528851"}],"wp:attachment":[{"href":"https:\/\/tilefly.com\/fr\/wp-json\/wp\/v2\/media?parent=529106"}],"wp:term":[{"taxonomy":"product_brand","embeddable":true,"href":"https:\/\/tilefly.com\/fr\/wp-json\/wp\/v2\/product_brand?post=529106"},{"taxonomy":"product_cat","embeddable":true,"href":"https:\/\/tilefly.com\/fr\/wp-json\/wp\/v2\/product_cat?post=529106"},{"taxonomy":"product_tag","embeddable":true,"href":"https:\/\/tilefly.com\/fr\/wp-json\/wp\/v2\/product_tag?post=529106"}],"curies":[{"name":"wp","href":"https:\/\/api.w.org\/{rel}","templated":true}]}}