{"id":528170,"date":"2019-09-13T11:20:46","date_gmt":"2024-05-06T00:53:11","guid":{"rendered":"https:\/\/tilefly.com\/producto\/marine-mix-blanco-20x20\/"},"modified":"2024-05-06T02:53:11","modified_gmt":"2024-05-06T00:53:11","slug":"marine-mix-blanco-20x20","status":"publish","type":"product","link":"https:\/\/tilefly.com\/fr\/produit\/marine-mix-blanco-20x20\/","title":{"rendered":"MARINE MIX BLANCO 20X20"},"content":{"rendered":"<h1><strong>MARINE MIX WHITE RED Paste Carreaux 20X20<\/strong><\/h1><p>Ce carreau Pasta Roja au format 20X20 cm, finition brillante et coloris blanc est parfait pour votre int\u00e9rieur. Sa mati\u00e8re premi\u00e8re est la p\u00e2te rouge.<\/p><p>Particularit\u00e9s : D\u00e9cor\u00e9, Mosa\u00efques<\/p>","protected":false},"excerpt":{"rendered":"<p>MARINE MIX WHITE RED Paste Carreaux 20X20Ce carreau Pasta Roja au format 20X20 cm, finition brillante et coloris blanc est parfait pour votre int\u00e9rieur. Sa mati\u00e8re premi\u00e8re est la p\u00e2te rouge.Particularit\u00e9s : D\u00e9cor\u00e9, Mosa\u00efques<\/p>\n","protected":false},"featured_media":59717,"comment_status":"closed","ping_status":"closed","template":"","meta":[],"product_brand":[],"product_cat":[355,356,354,357],"product_tag":[],"class_list":{"0":"post-528170","1":"product","2":"type-product","3":"status-publish","4":"has-post-thumbnail","6":"product_cat-cuisines","7":"product_cat-faiences","8":"product_cat-carrelage-salle-de-bain","9":"product_cat-carrelage-salon","11":"first","12":"outofstock","13":"shipping-taxable","14":"purchasable","15":"product-type-simple"},"_links":{"self":[{"href":"https:\/\/tilefly.com\/fr\/wp-json\/wp\/v2\/product\/528170","targetHints":{"allow":["GET"]}}],"collection":[{"href":"https:\/\/tilefly.com\/fr\/wp-json\/wp\/v2\/product"}],"about":[{"href":"https:\/\/tilefly.com\/fr\/wp-json\/wp\/v2\/types\/product"}],"replies":[{"embeddable":true,"href":"https:\/\/tilefly.com\/fr\/wp-json\/wp\/v2\/comments?post=528170"}],"wp:featuredmedia":[{"embeddable":true,"href":"https:\/\/tilefly.com\/fr\/wp-json\/wp\/v2\/media\/59717"}],"wp:attachment":[{"href":"https:\/\/tilefly.com\/fr\/wp-json\/wp\/v2\/media?parent=528170"}],"wp:term":[{"taxonomy":"product_brand","embeddable":true,"href":"https:\/\/tilefly.com\/fr\/wp-json\/wp\/v2\/product_brand?post=528170"},{"taxonomy":"product_cat","embeddable":true,"href":"https:\/\/tilefly.com\/fr\/wp-json\/wp\/v2\/product_cat?post=528170"},{"taxonomy":"product_tag","embeddable":true,"href":"https:\/\/tilefly.com\/fr\/wp-json\/wp\/v2\/product_tag?post=528170"}],"curies":[{"name":"wp","href":"https:\/\/api.w.org\/{rel}","templated":true}]}}