{"id":528153,"date":"2019-09-13T11:20:46","date_gmt":"2024-05-06T00:53:00","guid":{"rendered":"https:\/\/tilefly.com\/producto\/snob-cobalto-20x20\/"},"modified":"2024-05-06T02:53:00","modified_gmt":"2024-05-06T00:53:00","slug":"snob-cobalto-20x20","status":"publish","type":"product","link":"https:\/\/tilefly.com\/fr\/produit\/snob-cobalto-20x20\/","title":{"rendered":"SNOB COBALTO 20X20"},"content":{"rendered":"<h1><strong>Carreaux en p\u00e2te rouge SNOB COBALTO 20X20<\/strong><\/h1><p>Ce carreau Pasta Red au format 20X20 cm, finition brillante et coloris bleu est parfait pour votre int\u00e9rieur. Sa mati\u00e8re premi\u00e8re est la p\u00e2te rouge.<\/p><p>Particularit\u00e9s : D\u00e9cor\u00e9<\/p>","protected":false},"excerpt":{"rendered":"<p>Carreaux en p\u00e2te rouge SNOB COBALTO 20X20Ce carreau Pasta Red au format 20X20 cm, finition brillante et coloris bleu est parfait pour votre int\u00e9rieur. Sa mati\u00e8re premi\u00e8re est la p\u00e2te rouge.Particularit\u00e9s : D\u00e9cor\u00e9<\/p>\n","protected":false},"featured_media":516921,"comment_status":"closed","ping_status":"closed","template":"","meta":[],"product_brand":[],"product_cat":[355,356,354,357],"product_tag":[],"class_list":{"0":"post-528153","1":"product","2":"type-product","3":"status-publish","4":"has-post-thumbnail","6":"product_cat-cuisines","7":"product_cat-faiences","8":"product_cat-carrelage-salle-de-bain","9":"product_cat-carrelage-salon","11":"first","12":"outofstock","13":"shipping-taxable","14":"purchasable","15":"product-type-simple"},"_links":{"self":[{"href":"https:\/\/tilefly.com\/fr\/wp-json\/wp\/v2\/product\/528153","targetHints":{"allow":["GET"]}}],"collection":[{"href":"https:\/\/tilefly.com\/fr\/wp-json\/wp\/v2\/product"}],"about":[{"href":"https:\/\/tilefly.com\/fr\/wp-json\/wp\/v2\/types\/product"}],"replies":[{"embeddable":true,"href":"https:\/\/tilefly.com\/fr\/wp-json\/wp\/v2\/comments?post=528153"}],"wp:featuredmedia":[{"embeddable":true,"href":"https:\/\/tilefly.com\/fr\/wp-json\/wp\/v2\/media\/516921"}],"wp:attachment":[{"href":"https:\/\/tilefly.com\/fr\/wp-json\/wp\/v2\/media?parent=528153"}],"wp:term":[{"taxonomy":"product_brand","embeddable":true,"href":"https:\/\/tilefly.com\/fr\/wp-json\/wp\/v2\/product_brand?post=528153"},{"taxonomy":"product_cat","embeddable":true,"href":"https:\/\/tilefly.com\/fr\/wp-json\/wp\/v2\/product_cat?post=528153"},{"taxonomy":"product_tag","embeddable":true,"href":"https:\/\/tilefly.com\/fr\/wp-json\/wp\/v2\/product_tag?post=528153"}],"curies":[{"name":"wp","href":"https:\/\/api.w.org\/{rel}","templated":true}]}}