{"id":528129,"date":"2019-09-13T11:20:46","date_gmt":"2024-05-06T00:52:52","guid":{"rendered":"https:\/\/tilefly.com\/producto\/decor-quadra-rojo-20x20\/"},"modified":"2024-05-06T02:52:52","modified_gmt":"2024-05-06T00:52:52","slug":"decor-quadra-rojo-20x20","status":"publish","type":"product","link":"https:\/\/tilefly.com\/fr\/produit\/decor-quadra-rojo-20x20\/","title":{"rendered":"DECOR QUADRA ROJO 20X20"},"content":{"rendered":"<h1><strong>Carreaux en p\u00e2te blanche DECOR QUADRA RED RED 20X20<\/strong><\/h1><p>Ce carreau Pasta blanc au format cm, \u00e0 la finition mate et \u00e0 la couleur rouge est parfait pour votre int\u00e9rieur. Son mat\u00e9riau de fabrication est la p\u00e2te blanche.<\/p><p>Particularit\u00e9s : D\u00e9cor\u00e9, Imitation pierre<\/p>","protected":false},"excerpt":{"rendered":"<p>Carreaux en p\u00e2te blanche DECOR QUADRA RED RED 20X20Ce carreau Pasta blanc au format cm, \u00e0 la finition mate et \u00e0 la couleur rouge est parfait pour votre int\u00e9rieur. Son mat\u00e9riau de fabrication est la p\u00e2te blanche.Particularit\u00e9s : D\u00e9cor\u00e9, Imitation pierre<\/p>\n","protected":false},"featured_media":517211,"comment_status":"closed","ping_status":"closed","template":"","meta":[],"product_brand":[],"product_cat":[355,356,354,357],"product_tag":[],"class_list":{"0":"post-528129","1":"product","2":"type-product","3":"status-publish","4":"has-post-thumbnail","6":"product_cat-cuisines","7":"product_cat-faiences","8":"product_cat-carrelage-salle-de-bain","9":"product_cat-carrelage-salon","11":"first","12":"outofstock","13":"shipping-taxable","14":"purchasable","15":"product-type-simple"},"_links":{"self":[{"href":"https:\/\/tilefly.com\/fr\/wp-json\/wp\/v2\/product\/528129","targetHints":{"allow":["GET"]}}],"collection":[{"href":"https:\/\/tilefly.com\/fr\/wp-json\/wp\/v2\/product"}],"about":[{"href":"https:\/\/tilefly.com\/fr\/wp-json\/wp\/v2\/types\/product"}],"replies":[{"embeddable":true,"href":"https:\/\/tilefly.com\/fr\/wp-json\/wp\/v2\/comments?post=528129"}],"wp:featuredmedia":[{"embeddable":true,"href":"https:\/\/tilefly.com\/fr\/wp-json\/wp\/v2\/media\/517211"}],"wp:attachment":[{"href":"https:\/\/tilefly.com\/fr\/wp-json\/wp\/v2\/media?parent=528129"}],"wp:term":[{"taxonomy":"product_brand","embeddable":true,"href":"https:\/\/tilefly.com\/fr\/wp-json\/wp\/v2\/product_brand?post=528129"},{"taxonomy":"product_cat","embeddable":true,"href":"https:\/\/tilefly.com\/fr\/wp-json\/wp\/v2\/product_cat?post=528129"},{"taxonomy":"product_tag","embeddable":true,"href":"https:\/\/tilefly.com\/fr\/wp-json\/wp\/v2\/product_tag?post=528129"}],"curies":[{"name":"wp","href":"https:\/\/api.w.org\/{rel}","templated":true}]}}