{"id":528088,"date":"2019-09-13T14:12:43","date_gmt":"2024-05-06T00:52:41","guid":{"rendered":"https:\/\/tilefly.com\/producto\/octagon-verona-grey-20x20\/"},"modified":"2024-05-06T02:52:41","modified_gmt":"2024-05-06T00:52:41","slug":"octagon-verona-grey-20x20","status":"publish","type":"product","link":"https:\/\/tilefly.com\/fr\/produit\/octagon-verona-grey-20x20\/","title":{"rendered":"OCTAGON VERONA GREY 20X20"},"content":{"rendered":"<h1><strong>Gr\u00e8s c\u00e9rame OCTAGON VERONA GREY 20X20<\/strong><\/h1><p>Ce carreau en gr\u00e8s c\u00e9rame au format 20X20 cm, de finition mate et de couleur grise est parfait pour votre int\u00e9rieur. Son mat\u00e9riau de fabrication est le gr\u00e8s c\u00e9rame.<\/p><p>Particularit\u00e9s : imitation marbre, imitation pierre<\/p>","protected":false},"excerpt":{"rendered":"<p>Gr\u00e8s c\u00e9rame OCTAGON VERONA GREY 20X20Ce carreau en gr\u00e8s c\u00e9rame au format 20X20 cm, de finition mate et de couleur grise est parfait pour votre int\u00e9rieur. Son mat\u00e9riau de fabrication est le gr\u00e8s c\u00e9rame.Particularit\u00e9s : imitation marbre, imitation pierre<\/p>\n","protected":false},"featured_media":65459,"comment_status":"closed","ping_status":"closed","template":"","meta":[],"product_brand":[],"product_cat":[353,355,356,354,357],"product_tag":[],"class_list":{"0":"post-528088","1":"product","2":"type-product","3":"status-publish","4":"has-post-thumbnail","6":"product_cat-carrelage","7":"product_cat-cuisines","8":"product_cat-faiences","9":"product_cat-carrelage-salle-de-bain","10":"product_cat-carrelage-salon","12":"first","13":"outofstock","14":"shipping-taxable","15":"purchasable","16":"product-type-simple"},"_links":{"self":[{"href":"https:\/\/tilefly.com\/fr\/wp-json\/wp\/v2\/product\/528088","targetHints":{"allow":["GET"]}}],"collection":[{"href":"https:\/\/tilefly.com\/fr\/wp-json\/wp\/v2\/product"}],"about":[{"href":"https:\/\/tilefly.com\/fr\/wp-json\/wp\/v2\/types\/product"}],"replies":[{"embeddable":true,"href":"https:\/\/tilefly.com\/fr\/wp-json\/wp\/v2\/comments?post=528088"}],"wp:featuredmedia":[{"embeddable":true,"href":"https:\/\/tilefly.com\/fr\/wp-json\/wp\/v2\/media\/65459"}],"wp:attachment":[{"href":"https:\/\/tilefly.com\/fr\/wp-json\/wp\/v2\/media?parent=528088"}],"wp:term":[{"taxonomy":"product_brand","embeddable":true,"href":"https:\/\/tilefly.com\/fr\/wp-json\/wp\/v2\/product_brand?post=528088"},{"taxonomy":"product_cat","embeddable":true,"href":"https:\/\/tilefly.com\/fr\/wp-json\/wp\/v2\/product_cat?post=528088"},{"taxonomy":"product_tag","embeddable":true,"href":"https:\/\/tilefly.com\/fr\/wp-json\/wp\/v2\/product_tag?post=528088"}],"curies":[{"name":"wp","href":"https:\/\/api.w.org\/{rel}","templated":true}]}}