{"id":528059,"date":"2020-10-16T07:46:07","date_gmt":"2024-05-06T00:52:32","guid":{"rendered":"https:\/\/tilefly.com\/producto\/gego-20x20\/"},"modified":"2024-05-06T02:52:32","modified_gmt":"2024-05-06T00:52:32","slug":"gego-20x20","status":"publish","type":"product","link":"https:\/\/tilefly.com\/fr\/produit\/gego-20x20\/","title":{"rendered":"GEGO 20X20"},"content":{"rendered":"<p>Un ensemble de pi\u00e8ces bicolores, o\u00f9 les lignes recherchent le mouvement. Contient des effets matifiants et de la brillance. Cr\u00e9ez des espaces minimaux avec ce d\u00e9cor et ces carreaux de la s\u00e9rie Factory.<\/p>","protected":false},"excerpt":{"rendered":"<p>Un ensemble de pi\u00e8ces bicolores, o\u00f9 les lignes recherchent le mouvement. Contient des effets matifiants et de la brillance. Cr\u00e9ez des espaces minimaux avec ce d\u00e9cor et ces carreaux de la s\u00e9rie Factory.<\/p>\n","protected":false},"featured_media":123863,"comment_status":"open","ping_status":"closed","template":"","meta":[],"product_brand":[],"product_cat":[355,356,354],"product_tag":[],"class_list":{"0":"post-528059","1":"product","2":"type-product","3":"status-publish","4":"has-post-thumbnail","6":"product_cat-cuisines","7":"product_cat-faiences","8":"product_cat-carrelage-salle-de-bain","10":"first","11":"outofstock","12":"shipping-taxable","13":"purchasable","14":"product-type-simple"},"_links":{"self":[{"href":"https:\/\/tilefly.com\/fr\/wp-json\/wp\/v2\/product\/528059","targetHints":{"allow":["GET"]}}],"collection":[{"href":"https:\/\/tilefly.com\/fr\/wp-json\/wp\/v2\/product"}],"about":[{"href":"https:\/\/tilefly.com\/fr\/wp-json\/wp\/v2\/types\/product"}],"replies":[{"embeddable":true,"href":"https:\/\/tilefly.com\/fr\/wp-json\/wp\/v2\/comments?post=528059"}],"wp:featuredmedia":[{"embeddable":true,"href":"https:\/\/tilefly.com\/fr\/wp-json\/wp\/v2\/media\/123863"}],"wp:attachment":[{"href":"https:\/\/tilefly.com\/fr\/wp-json\/wp\/v2\/media?parent=528059"}],"wp:term":[{"taxonomy":"product_brand","embeddable":true,"href":"https:\/\/tilefly.com\/fr\/wp-json\/wp\/v2\/product_brand?post=528059"},{"taxonomy":"product_cat","embeddable":true,"href":"https:\/\/tilefly.com\/fr\/wp-json\/wp\/v2\/product_cat?post=528059"},{"taxonomy":"product_tag","embeddable":true,"href":"https:\/\/tilefly.com\/fr\/wp-json\/wp\/v2\/product_tag?post=528059"}],"curies":[{"name":"wp","href":"https:\/\/api.w.org\/{rel}","templated":true}]}}