{"id":528047,"date":"2020-10-16T07:46:07","date_gmt":"2024-05-06T00:52:30","guid":{"rendered":"https:\/\/tilefly.com\/producto\/grid-20x20\/"},"modified":"2024-05-06T02:52:30","modified_gmt":"2024-05-06T00:52:30","slug":"grid-20x20","status":"publish","type":"product","link":"https:\/\/tilefly.com\/fr\/produit\/grid-20x20\/","title":{"rendered":"GRID 20X20"},"content":{"rendered":"<p>Les graphiques g\u00e9om\u00e9triques sont une tendance durable. Cette d\u00e9coration en gr\u00e8s c\u00e9rame joue avec le positif et le n\u00e9gatif, le yin et le yang, pour des d\u00e9cors authentiques. Ils sont le compl\u00e9ment id\u00e9al des carreaux blancs et noirs et servent \u00e9galement de rev\u00eatement de sol dans les pi\u00e8ces o\u00f9 l&#8217;on utilise des carreaux de petit format, tels que les carreaux de m\u00e9tro. Gr\u00e2ce \u00e0 ses hautes performances techniques, il s&#8217;agit d&#8217;une option tr\u00e8s facile \u00e0 nettoyer et tr\u00e8s r\u00e9sistante. Gr\u00e2ce \u00e0 sa classe de glissement 2, il convient non seulement \u00e0 une utilisation int\u00e9rieure, mais peut \u00e9galement \u00eatre install\u00e9 sur les terrasses, les balcons et les espaces publics.<\/p>","protected":false},"excerpt":{"rendered":"<p>Les graphiques g\u00e9om\u00e9triques sont une tendance durable. Cette d\u00e9coration en gr\u00e8s c\u00e9rame joue avec le positif et le n\u00e9gatif, le yin et le yang, pour des d\u00e9cors authentiques. Ils sont le compl\u00e9ment id\u00e9al des carreaux blancs et noirs et servent \u00e9galement de rev\u00eatement de sol dans les pi\u00e8ces o\u00f9 l&#8217;on utilise des carreaux de petit [&hellip;]<\/p>\n","protected":false},"featured_media":123895,"comment_status":"open","ping_status":"closed","template":"","meta":[],"product_brand":[],"product_cat":[355,356,354],"product_tag":[],"class_list":{"0":"post-528047","1":"product","2":"type-product","3":"status-publish","4":"has-post-thumbnail","6":"product_cat-cuisines","7":"product_cat-faiences","8":"product_cat-carrelage-salle-de-bain","10":"first","11":"instock","12":"shipping-taxable","13":"purchasable","14":"product-type-simple"},"_links":{"self":[{"href":"https:\/\/tilefly.com\/fr\/wp-json\/wp\/v2\/product\/528047","targetHints":{"allow":["GET"]}}],"collection":[{"href":"https:\/\/tilefly.com\/fr\/wp-json\/wp\/v2\/product"}],"about":[{"href":"https:\/\/tilefly.com\/fr\/wp-json\/wp\/v2\/types\/product"}],"replies":[{"embeddable":true,"href":"https:\/\/tilefly.com\/fr\/wp-json\/wp\/v2\/comments?post=528047"}],"wp:featuredmedia":[{"embeddable":true,"href":"https:\/\/tilefly.com\/fr\/wp-json\/wp\/v2\/media\/123895"}],"wp:attachment":[{"href":"https:\/\/tilefly.com\/fr\/wp-json\/wp\/v2\/media?parent=528047"}],"wp:term":[{"taxonomy":"product_brand","embeddable":true,"href":"https:\/\/tilefly.com\/fr\/wp-json\/wp\/v2\/product_brand?post=528047"},{"taxonomy":"product_cat","embeddable":true,"href":"https:\/\/tilefly.com\/fr\/wp-json\/wp\/v2\/product_cat?post=528047"},{"taxonomy":"product_tag","embeddable":true,"href":"https:\/\/tilefly.com\/fr\/wp-json\/wp\/v2\/product_tag?post=528047"}],"curies":[{"name":"wp","href":"https:\/\/api.w.org\/{rel}","templated":true}]}}