{"id":528019,"date":"2020-10-09T16:47:00","date_gmt":"2020-10-09T14:47:00","guid":{"rendered":"https:\/\/tilefly.com\/producto\/veinte-beige-mt-20x20-10mm\/"},"modified":"2024-05-06T02:52:24","modified_gmt":"2024-05-06T00:52:24","slug":"veinte-beige-mt-20x20-10mm","status":"publish","type":"product","link":"https:\/\/tilefly.com\/fr\/produit\/veinte-beige-mt-20x20-10mm\/","title":{"rendered":"VEINTE BEIGE MT 20X20 (10MM)"},"content":{"rendered":"<p>Ce Carreaux en Porcelaine de la s\u00e9rie VEINTE se distingue par son mat\u00e9riau en Porcelaine Emaill\u00e9e qui est l&#8217;un des plus r\u00e9sistants du march\u00e9, il a une texture D\u00e9cor\u00e9e avec une finition Matte en format 20X20 (10MM).<\/p>","protected":false},"excerpt":{"rendered":"<p>Ce Carreaux en Porcelaine de la s\u00e9rie VEINTE se distingue par son mat\u00e9riau en Porcelaine Emaill\u00e9e qui est l&#8217;un des plus r\u00e9sistants du march\u00e9, il a une texture D\u00e9cor\u00e9e avec une finition Matte en format 20X20 (10MM).<\/p>\n","protected":false},"featured_media":528024,"comment_status":"open","ping_status":"closed","template":"","meta":[],"product_brand":[],"product_cat":[353,355,357],"product_tag":[],"class_list":{"0":"post-528019","1":"product","2":"type-product","3":"status-publish","4":"has-post-thumbnail","6":"product_cat-carrelage","7":"product_cat-cuisines","8":"product_cat-carrelage-salon","10":"first","11":"outofstock","12":"shipping-taxable","13":"purchasable","14":"product-type-simple"},"_links":{"self":[{"href":"https:\/\/tilefly.com\/fr\/wp-json\/wp\/v2\/product\/528019","targetHints":{"allow":["GET"]}}],"collection":[{"href":"https:\/\/tilefly.com\/fr\/wp-json\/wp\/v2\/product"}],"about":[{"href":"https:\/\/tilefly.com\/fr\/wp-json\/wp\/v2\/types\/product"}],"replies":[{"embeddable":true,"href":"https:\/\/tilefly.com\/fr\/wp-json\/wp\/v2\/comments?post=528019"}],"wp:featuredmedia":[{"embeddable":true,"href":"https:\/\/tilefly.com\/fr\/wp-json\/wp\/v2\/media\/528024"}],"wp:attachment":[{"href":"https:\/\/tilefly.com\/fr\/wp-json\/wp\/v2\/media?parent=528019"}],"wp:term":[{"taxonomy":"product_brand","embeddable":true,"href":"https:\/\/tilefly.com\/fr\/wp-json\/wp\/v2\/product_brand?post=528019"},{"taxonomy":"product_cat","embeddable":true,"href":"https:\/\/tilefly.com\/fr\/wp-json\/wp\/v2\/product_cat?post=528019"},{"taxonomy":"product_tag","embeddable":true,"href":"https:\/\/tilefly.com\/fr\/wp-json\/wp\/v2\/product_tag?post=528019"}],"curies":[{"name":"wp","href":"https:\/\/api.w.org\/{rel}","templated":true}]}}