{"id":528017,"date":"2020-10-14T22:46:14","date_gmt":"2024-05-06T00:52:24","guid":{"rendered":"https:\/\/tilefly.com\/producto\/diurne-oxide-20x20\/"},"modified":"2024-05-06T02:52:24","modified_gmt":"2024-05-06T00:52:24","slug":"diurne-oxide-20x20","status":"publish","type":"product","link":"https:\/\/tilefly.com\/fr\/produit\/diurne-oxide-20x20\/","title":{"rendered":"DIURNE OXIDE 20X20"},"content":{"rendered":"<p>Avec un design avant-gardiste au caract\u00e8re industriel marqu\u00e9, ce carreau de porcelaine reproduit fid\u00e8lement l&#8217;aspect d&#8217;une t\u00f4le vieillie par le temps. Les traces de rouille et sa vari\u00e9t\u00e9 chromatique font de l&#8217;oxyde de diurne un choix parfait pour les murs et les sols de style avant-gardiste et industriel. Il peut \u00eatre utilis\u00e9 seul ou en compl\u00e9ment du carreau 60&#215;120 du m\u00eame nom.<\/p>","protected":false},"excerpt":{"rendered":"<p>Avec un design avant-gardiste au caract\u00e8re industriel marqu\u00e9, ce carreau de porcelaine reproduit fid\u00e8lement l&#8217;aspect d&#8217;une t\u00f4le vieillie par le temps. Les traces de rouille et sa vari\u00e9t\u00e9 chromatique font de l&#8217;oxyde de diurne un choix parfait pour les murs et les sols de style avant-gardiste et industriel. Il peut \u00eatre utilis\u00e9 seul ou en [&hellip;]<\/p>\n","protected":false},"featured_media":121003,"comment_status":"open","ping_status":"closed","template":"","meta":[],"product_brand":[],"product_cat":[355,356,354],"product_tag":[],"class_list":{"0":"post-528017","1":"product","2":"type-product","3":"status-publish","4":"has-post-thumbnail","6":"product_cat-cuisines","7":"product_cat-faiences","8":"product_cat-carrelage-salle-de-bain","10":"first","11":"instock","12":"shipping-taxable","13":"purchasable","14":"product-type-simple"},"_links":{"self":[{"href":"https:\/\/tilefly.com\/fr\/wp-json\/wp\/v2\/product\/528017","targetHints":{"allow":["GET"]}}],"collection":[{"href":"https:\/\/tilefly.com\/fr\/wp-json\/wp\/v2\/product"}],"about":[{"href":"https:\/\/tilefly.com\/fr\/wp-json\/wp\/v2\/types\/product"}],"replies":[{"embeddable":true,"href":"https:\/\/tilefly.com\/fr\/wp-json\/wp\/v2\/comments?post=528017"}],"wp:featuredmedia":[{"embeddable":true,"href":"https:\/\/tilefly.com\/fr\/wp-json\/wp\/v2\/media\/121003"}],"wp:attachment":[{"href":"https:\/\/tilefly.com\/fr\/wp-json\/wp\/v2\/media?parent=528017"}],"wp:term":[{"taxonomy":"product_brand","embeddable":true,"href":"https:\/\/tilefly.com\/fr\/wp-json\/wp\/v2\/product_brand?post=528017"},{"taxonomy":"product_cat","embeddable":true,"href":"https:\/\/tilefly.com\/fr\/wp-json\/wp\/v2\/product_cat?post=528017"},{"taxonomy":"product_tag","embeddable":true,"href":"https:\/\/tilefly.com\/fr\/wp-json\/wp\/v2\/product_tag?post=528017"}],"curies":[{"name":"wp","href":"https:\/\/api.w.org\/{rel}","templated":true}]}}