{"id":528006,"date":"2020-10-14T22:46:14","date_gmt":"2024-05-06T00:52:23","guid":{"rendered":"https:\/\/tilefly.com\/producto\/buren-20x20\/"},"modified":"2024-05-06T02:52:23","modified_gmt":"2024-05-06T00:52:23","slug":"buren-20x20","status":"publish","type":"product","link":"https:\/\/tilefly.com\/fr\/produit\/buren-20x20\/","title":{"rendered":"BUREN 20X20"},"content":{"rendered":"<p>Buren est une d\u00e9coration tr\u00e8s riche avec une r\u00e9p\u00e9tition de formes qui soigne le moindre d\u00e9tail, incorporant des fragments de terrazzo multicolore. Compl\u00e9tez votre pi\u00e8ce avec les carreaux de la s\u00e9rie Factory.<\/p>","protected":false},"excerpt":{"rendered":"<p>Buren est une d\u00e9coration tr\u00e8s riche avec une r\u00e9p\u00e9tition de formes qui soigne le moindre d\u00e9tail, incorporant des fragments de terrazzo multicolore. Compl\u00e9tez votre pi\u00e8ce avec les carreaux de la s\u00e9rie Factory.<\/p>\n","protected":false},"featured_media":120734,"comment_status":"open","ping_status":"closed","template":"","meta":[],"product_brand":[],"product_cat":[355,356,354],"product_tag":[],"class_list":{"0":"post-528006","1":"product","2":"type-product","3":"status-publish","4":"has-post-thumbnail","6":"product_cat-cuisines","7":"product_cat-faiences","8":"product_cat-carrelage-salle-de-bain","10":"first","11":"instock","12":"shipping-taxable","13":"purchasable","14":"product-type-simple"},"_links":{"self":[{"href":"https:\/\/tilefly.com\/fr\/wp-json\/wp\/v2\/product\/528006","targetHints":{"allow":["GET"]}}],"collection":[{"href":"https:\/\/tilefly.com\/fr\/wp-json\/wp\/v2\/product"}],"about":[{"href":"https:\/\/tilefly.com\/fr\/wp-json\/wp\/v2\/types\/product"}],"replies":[{"embeddable":true,"href":"https:\/\/tilefly.com\/fr\/wp-json\/wp\/v2\/comments?post=528006"}],"wp:featuredmedia":[{"embeddable":true,"href":"https:\/\/tilefly.com\/fr\/wp-json\/wp\/v2\/media\/120734"}],"wp:attachment":[{"href":"https:\/\/tilefly.com\/fr\/wp-json\/wp\/v2\/media?parent=528006"}],"wp:term":[{"taxonomy":"product_brand","embeddable":true,"href":"https:\/\/tilefly.com\/fr\/wp-json\/wp\/v2\/product_brand?post=528006"},{"taxonomy":"product_cat","embeddable":true,"href":"https:\/\/tilefly.com\/fr\/wp-json\/wp\/v2\/product_cat?post=528006"},{"taxonomy":"product_tag","embeddable":true,"href":"https:\/\/tilefly.com\/fr\/wp-json\/wp\/v2\/product_tag?post=528006"}],"curies":[{"name":"wp","href":"https:\/\/api.w.org\/{rel}","templated":true}]}}