{"id":527997,"date":"2020-10-14T22:46:14","date_gmt":"2024-05-06T00:52:21","guid":{"rendered":"https:\/\/tilefly.com\/producto\/diurne-oxide-plate-20x20\/"},"modified":"2024-05-06T02:52:21","modified_gmt":"2024-05-06T00:52:21","slug":"diurne-oxide-plate-20x20","status":"publish","type":"product","link":"https:\/\/tilefly.com\/fr\/produit\/diurne-oxide-plate-20x20\/","title":{"rendered":"DIURNE OXIDE PLATE 20X20"},"content":{"rendered":"<p>Carreaux de gr\u00e8s c\u00e9rame originaux avec un design de dalle industrielle perfor\u00e9e. Il se compose de 3 reliefs diff\u00e9rents et d&#8217;une grande diversit\u00e9 graphique pour des sols et des murs d&#8217;avant-garde \u00e0 l&#8217;esth\u00e9tique industrielle. Il peut \u00eatre utilis\u00e9 seul ou avec le carreau 60&#215;120 Diurne Oxide.<\/p>","protected":false},"excerpt":{"rendered":"<p>Carreaux de gr\u00e8s c\u00e9rame originaux avec un design de dalle industrielle perfor\u00e9e. Il se compose de 3 reliefs diff\u00e9rents et d&#8217;une grande diversit\u00e9 graphique pour des sols et des murs d&#8217;avant-garde \u00e0 l&#8217;esth\u00e9tique industrielle. Il peut \u00eatre utilis\u00e9 seul ou avec le carreau 60&#215;120 Diurne Oxide.<\/p>\n","protected":false},"featured_media":121011,"comment_status":"open","ping_status":"closed","template":"","meta":[],"product_brand":[],"product_cat":[355,356,354],"product_tag":[],"class_list":{"0":"post-527997","1":"product","2":"type-product","3":"status-publish","4":"has-post-thumbnail","6":"product_cat-cuisines","7":"product_cat-faiences","8":"product_cat-carrelage-salle-de-bain","10":"first","11":"instock","12":"shipping-taxable","13":"purchasable","14":"product-type-simple"},"_links":{"self":[{"href":"https:\/\/tilefly.com\/fr\/wp-json\/wp\/v2\/product\/527997","targetHints":{"allow":["GET"]}}],"collection":[{"href":"https:\/\/tilefly.com\/fr\/wp-json\/wp\/v2\/product"}],"about":[{"href":"https:\/\/tilefly.com\/fr\/wp-json\/wp\/v2\/types\/product"}],"replies":[{"embeddable":true,"href":"https:\/\/tilefly.com\/fr\/wp-json\/wp\/v2\/comments?post=527997"}],"wp:featuredmedia":[{"embeddable":true,"href":"https:\/\/tilefly.com\/fr\/wp-json\/wp\/v2\/media\/121011"}],"wp:attachment":[{"href":"https:\/\/tilefly.com\/fr\/wp-json\/wp\/v2\/media?parent=527997"}],"wp:term":[{"taxonomy":"product_brand","embeddable":true,"href":"https:\/\/tilefly.com\/fr\/wp-json\/wp\/v2\/product_brand?post=527997"},{"taxonomy":"product_cat","embeddable":true,"href":"https:\/\/tilefly.com\/fr\/wp-json\/wp\/v2\/product_cat?post=527997"},{"taxonomy":"product_tag","embeddable":true,"href":"https:\/\/tilefly.com\/fr\/wp-json\/wp\/v2\/product_tag?post=527997"}],"curies":[{"name":"wp","href":"https:\/\/api.w.org\/{rel}","templated":true}]}}