{"id":527987,"date":"2020-10-19T07:47:28","date_gmt":"2024-05-06T00:50:30","guid":{"rendered":"https:\/\/tilefly.com\/producto\/white-20x20\/"},"modified":"2024-05-06T02:50:30","modified_gmt":"2024-05-06T00:50:30","slug":"white-20x20","status":"publish","type":"product","link":"https:\/\/tilefly.com\/fr\/produit\/white-20x20\/","title":{"rendered":"WHITE 20X20"},"content":{"rendered":"<p>Carreaux en gr\u00e8s c\u00e9rame dans le ton blanc uni id\u00e9al pour une utilisation seule, combin\u00e9 avec le noir sous forme de damier ou d\u00e9cor\u00e9 avec les s\u00e9ries graphiques g\u00e9om\u00e9triques ou hydrauliques. Cette s\u00e9rie est une excellente alternative en raison de ses hautes performances techniques, car elle est tr\u00e8s facile \u00e0 nettoyer et tr\u00e8s r\u00e9sistante. Gr\u00e2ce \u00e0 sa classe de glissement 2, il convient non seulement \u00e0 une utilisation int\u00e9rieure, mais peut \u00e9galement \u00eatre install\u00e9 sur les terrasses, les balcons et les espaces publics.<\/p>","protected":false},"excerpt":{"rendered":"<p>Carreaux en gr\u00e8s c\u00e9rame dans le ton blanc uni id\u00e9al pour une utilisation seule, combin\u00e9 avec le noir sous forme de damier ou d\u00e9cor\u00e9 avec les s\u00e9ries graphiques g\u00e9om\u00e9triques ou hydrauliques. Cette s\u00e9rie est une excellente alternative en raison de ses hautes performances techniques, car elle est tr\u00e8s facile \u00e0 nettoyer et tr\u00e8s r\u00e9sistante. Gr\u00e2ce [&hellip;]<\/p>\n","protected":false},"featured_media":527989,"comment_status":"open","ping_status":"closed","template":"","meta":[],"product_brand":[],"product_cat":[353,357],"product_tag":[],"class_list":{"0":"post-527987","1":"product","2":"type-product","3":"status-publish","4":"has-post-thumbnail","6":"product_cat-carrelage","7":"product_cat-carrelage-salon","9":"first","10":"instock","11":"shipping-taxable","12":"purchasable","13":"product-type-simple"},"_links":{"self":[{"href":"https:\/\/tilefly.com\/fr\/wp-json\/wp\/v2\/product\/527987","targetHints":{"allow":["GET"]}}],"collection":[{"href":"https:\/\/tilefly.com\/fr\/wp-json\/wp\/v2\/product"}],"about":[{"href":"https:\/\/tilefly.com\/fr\/wp-json\/wp\/v2\/types\/product"}],"replies":[{"embeddable":true,"href":"https:\/\/tilefly.com\/fr\/wp-json\/wp\/v2\/comments?post=527987"}],"wp:featuredmedia":[{"embeddable":true,"href":"https:\/\/tilefly.com\/fr\/wp-json\/wp\/v2\/media\/527989"}],"wp:attachment":[{"href":"https:\/\/tilefly.com\/fr\/wp-json\/wp\/v2\/media?parent=527987"}],"wp:term":[{"taxonomy":"product_brand","embeddable":true,"href":"https:\/\/tilefly.com\/fr\/wp-json\/wp\/v2\/product_brand?post=527987"},{"taxonomy":"product_cat","embeddable":true,"href":"https:\/\/tilefly.com\/fr\/wp-json\/wp\/v2\/product_cat?post=527987"},{"taxonomy":"product_tag","embeddable":true,"href":"https:\/\/tilefly.com\/fr\/wp-json\/wp\/v2\/product_tag?post=527987"}],"curies":[{"name":"wp","href":"https:\/\/api.w.org\/{rel}","templated":true}]}}