{"id":527986,"date":"2020-10-18T23:58:16","date_gmt":"2024-05-06T00:50:30","guid":{"rendered":"https:\/\/tilefly.com\/producto\/saudade-perla-20x20\/"},"modified":"2024-05-06T02:50:30","modified_gmt":"2024-05-06T00:50:30","slug":"saudade-perla-20x20","status":"publish","type":"product","link":"https:\/\/tilefly.com\/fr\/produit\/saudade-perla-20x20\/","title":{"rendered":"SAUDADE PERLA 20X20"},"content":{"rendered":"<p>Gr\u00e8s c\u00e9rame imitation carreaux hydrauliques en 20\u00d720, dans un \u00e9l\u00e9gant coloris gris perle.<\/p><p>DUNE pr\u00e9sente SAUDADE, une nouvelle proposition bas\u00e9e sur les carreaux hydrauliques portugais, color\u00e9s et graphiques, dans laquelle la tradition et le design s&#8217;unissent pour offrir une collection de rev\u00eatements de sol \u00e9l\u00e9gante et intemporelle. Dot\u00e9 de hautes performances techniques, il s&#8217;agit d&#8217;une option r\u00e9sistante et tr\u00e8s facile \u00e0 nettoyer. Disponible en 4 couleurs, \u00e0 utiliser seules ou en combinaison. Sa classe de glissement 2 lui permet de s&#8217;adapter aux espaces int\u00e9rieurs et ext\u00e9rieurs tels que les patios, les balcons et les terrasses commerciales.<\/p><p>sol et mur<br \/>gr\u00e8s c\u00e9rame<br \/>\u00e0 l&#8217;int\u00e9rieur et \u00e0 l&#8217;ext\u00e9rieur<br \/>durable et facile \u00e0 entretenir  <\/p>","protected":false},"excerpt":{"rendered":"<p>Gr\u00e8s c\u00e9rame imitation carreaux hydrauliques en 20\u00d720, dans un \u00e9l\u00e9gant coloris gris perle.DUNE pr\u00e9sente SAUDADE, une nouvelle proposition bas\u00e9e sur les carreaux hydrauliques portugais, color\u00e9s et graphiques, dans laquelle la tradition et le design s&#8217;unissent pour offrir une collection de rev\u00eatements de sol \u00e9l\u00e9gante et intemporelle. Dot\u00e9 de hautes performances techniques, il s&#8217;agit d&#8217;une option [&hellip;]<\/p>\n","protected":false},"featured_media":133676,"comment_status":"open","ping_status":"closed","template":"","meta":[],"product_brand":[],"product_cat":[355,356,354],"product_tag":[],"class_list":{"0":"post-527986","1":"product","2":"type-product","3":"status-publish","4":"has-post-thumbnail","6":"product_cat-cuisines","7":"product_cat-faiences","8":"product_cat-carrelage-salle-de-bain","10":"first","11":"outofstock","12":"shipping-taxable","13":"purchasable","14":"product-type-simple"},"_links":{"self":[{"href":"https:\/\/tilefly.com\/fr\/wp-json\/wp\/v2\/product\/527986","targetHints":{"allow":["GET"]}}],"collection":[{"href":"https:\/\/tilefly.com\/fr\/wp-json\/wp\/v2\/product"}],"about":[{"href":"https:\/\/tilefly.com\/fr\/wp-json\/wp\/v2\/types\/product"}],"replies":[{"embeddable":true,"href":"https:\/\/tilefly.com\/fr\/wp-json\/wp\/v2\/comments?post=527986"}],"wp:featuredmedia":[{"embeddable":true,"href":"https:\/\/tilefly.com\/fr\/wp-json\/wp\/v2\/media\/133676"}],"wp:attachment":[{"href":"https:\/\/tilefly.com\/fr\/wp-json\/wp\/v2\/media?parent=527986"}],"wp:term":[{"taxonomy":"product_brand","embeddable":true,"href":"https:\/\/tilefly.com\/fr\/wp-json\/wp\/v2\/product_brand?post=527986"},{"taxonomy":"product_cat","embeddable":true,"href":"https:\/\/tilefly.com\/fr\/wp-json\/wp\/v2\/product_cat?post=527986"},{"taxonomy":"product_tag","embeddable":true,"href":"https:\/\/tilefly.com\/fr\/wp-json\/wp\/v2\/product_tag?post=527986"}],"curies":[{"name":"wp","href":"https:\/\/api.w.org\/{rel}","templated":true}]}}