{"id":527985,"date":"2020-10-18T23:58:16","date_gmt":"2024-05-06T00:50:30","guid":{"rendered":"https:\/\/tilefly.com\/producto\/ornamental-mustard-20x20\/"},"modified":"2024-05-06T02:50:30","modified_gmt":"2024-05-06T00:50:30","slug":"ornamental-mustard-20x20","status":"publish","type":"product","link":"https:\/\/tilefly.com\/fr\/produit\/ornamental-mustard-20x20\/","title":{"rendered":"ORNAMENTAL MUSTARD 20X20"},"content":{"rendered":"<p>Gr\u00e8s c\u00e9rame qui reprend le graphisme des anciens carreaux hydrauliques et leur donne une touche de modernit\u00e9. Ils sont le compl\u00e9ment id\u00e9al des Carreaux blancs et noirs. Gr\u00e2ce \u00e0 ses hautes performances techniques, il s&#8217;agit d&#8217;une option tr\u00e8s facile \u00e0 nettoyer et tr\u00e8s r\u00e9sistante. Disponible en 2 versions, une plus s\u00e9rieuse en blanc, noir et gris et une autre avec une touche de couleur moutarde, \u00e0 combiner avec notre s\u00e9rie de carreaux en petit format. Gr\u00e2ce \u00e0 sa classe de glissement 2, il convient non seulement \u00e0 une utilisation int\u00e9rieure, mais peut \u00e9galement \u00eatre install\u00e9 sur les terrasses, les balcons et les espaces publics.<\/p>","protected":false},"excerpt":{"rendered":"<p>Gr\u00e8s c\u00e9rame qui reprend le graphisme des anciens carreaux hydrauliques et leur donne une touche de modernit\u00e9. Ils sont le compl\u00e9ment id\u00e9al des Carreaux blancs et noirs. Gr\u00e2ce \u00e0 ses hautes performances techniques, il s&#8217;agit d&#8217;une option tr\u00e8s facile \u00e0 nettoyer et tr\u00e8s r\u00e9sistante. Disponible en 2 versions, une plus s\u00e9rieuse en blanc, noir et [&hellip;]<\/p>\n","protected":false},"featured_media":133338,"comment_status":"open","ping_status":"closed","template":"","meta":[],"product_brand":[],"product_cat":[355,356,354],"product_tag":[],"class_list":{"0":"post-527985","1":"product","2":"type-product","3":"status-publish","4":"has-post-thumbnail","6":"product_cat-cuisines","7":"product_cat-faiences","8":"product_cat-carrelage-salle-de-bain","10":"first","11":"instock","12":"shipping-taxable","13":"purchasable","14":"product-type-simple"},"_links":{"self":[{"href":"https:\/\/tilefly.com\/fr\/wp-json\/wp\/v2\/product\/527985","targetHints":{"allow":["GET"]}}],"collection":[{"href":"https:\/\/tilefly.com\/fr\/wp-json\/wp\/v2\/product"}],"about":[{"href":"https:\/\/tilefly.com\/fr\/wp-json\/wp\/v2\/types\/product"}],"replies":[{"embeddable":true,"href":"https:\/\/tilefly.com\/fr\/wp-json\/wp\/v2\/comments?post=527985"}],"wp:featuredmedia":[{"embeddable":true,"href":"https:\/\/tilefly.com\/fr\/wp-json\/wp\/v2\/media\/133338"}],"wp:attachment":[{"href":"https:\/\/tilefly.com\/fr\/wp-json\/wp\/v2\/media?parent=527985"}],"wp:term":[{"taxonomy":"product_brand","embeddable":true,"href":"https:\/\/tilefly.com\/fr\/wp-json\/wp\/v2\/product_brand?post=527985"},{"taxonomy":"product_cat","embeddable":true,"href":"https:\/\/tilefly.com\/fr\/wp-json\/wp\/v2\/product_cat?post=527985"},{"taxonomy":"product_tag","embeddable":true,"href":"https:\/\/tilefly.com\/fr\/wp-json\/wp\/v2\/product_tag?post=527985"}],"curies":[{"name":"wp","href":"https:\/\/api.w.org\/{rel}","templated":true}]}}