{"id":527982,"date":"2020-10-19T07:47:28","date_gmt":"2024-05-06T00:50:29","guid":{"rendered":"https:\/\/tilefly.com\/producto\/terracota-decor-blanco-20x20\/"},"modified":"2024-05-06T02:50:29","modified_gmt":"2024-05-06T00:50:29","slug":"terracota-decor-blanco-20x20","status":"publish","type":"product","link":"https:\/\/tilefly.com\/fr\/produit\/terracota-decor-blanco-20x20\/","title":{"rendered":"TERRACOTA DECOR BLANCO 20X20"},"content":{"rendered":"<p>D\u00e9cor en gr\u00e8s c\u00e9rame qui reproduit fid\u00e8lement les changements de ton et les marques \u00e0 la surface de l&#8217;argile naturelle, dans un ton blanc cass\u00e9 au graphisme terracotta us\u00e9 par le temps. Cette s\u00e9rie est une excellente alternative en raison de ses hautes performances techniques, car elle est tr\u00e8s facile \u00e0 nettoyer et tr\u00e8s r\u00e9sistante. Il peut \u00eatre utilis\u00e9 dans des zones compl\u00e8tes ou m\u00e9lang\u00e9 de mani\u00e8re al\u00e9atoire avec les carreaux de la s\u00e9rie Terracotta. Gr\u00e2ce \u00e0 sa classe de glissement 2, il convient non seulement \u00e0 une utilisation int\u00e9rieure, mais peut \u00e9galement \u00eatre install\u00e9 sur les terrasses, les balcons et les espaces publics.<\/p>","protected":false},"excerpt":{"rendered":"<p>D\u00e9cor en gr\u00e8s c\u00e9rame qui reproduit fid\u00e8lement les changements de ton et les marques \u00e0 la surface de l&#8217;argile naturelle, dans un ton blanc cass\u00e9 au graphisme terracotta us\u00e9 par le temps. Cette s\u00e9rie est une excellente alternative en raison de ses hautes performances techniques, car elle est tr\u00e8s facile \u00e0 nettoyer et tr\u00e8s r\u00e9sistante. [&hellip;]<\/p>\n","protected":false},"featured_media":135700,"comment_status":"open","ping_status":"closed","template":"","meta":[],"product_brand":[],"product_cat":[353,357],"product_tag":[],"class_list":{"0":"post-527982","1":"product","2":"type-product","3":"status-publish","4":"has-post-thumbnail","6":"product_cat-carrelage","7":"product_cat-carrelage-salon","9":"first","10":"instock","11":"shipping-taxable","12":"purchasable","13":"product-type-simple"},"_links":{"self":[{"href":"https:\/\/tilefly.com\/fr\/wp-json\/wp\/v2\/product\/527982","targetHints":{"allow":["GET"]}}],"collection":[{"href":"https:\/\/tilefly.com\/fr\/wp-json\/wp\/v2\/product"}],"about":[{"href":"https:\/\/tilefly.com\/fr\/wp-json\/wp\/v2\/types\/product"}],"replies":[{"embeddable":true,"href":"https:\/\/tilefly.com\/fr\/wp-json\/wp\/v2\/comments?post=527982"}],"wp:featuredmedia":[{"embeddable":true,"href":"https:\/\/tilefly.com\/fr\/wp-json\/wp\/v2\/media\/135700"}],"wp:attachment":[{"href":"https:\/\/tilefly.com\/fr\/wp-json\/wp\/v2\/media?parent=527982"}],"wp:term":[{"taxonomy":"product_brand","embeddable":true,"href":"https:\/\/tilefly.com\/fr\/wp-json\/wp\/v2\/product_brand?post=527982"},{"taxonomy":"product_cat","embeddable":true,"href":"https:\/\/tilefly.com\/fr\/wp-json\/wp\/v2\/product_cat?post=527982"},{"taxonomy":"product_tag","embeddable":true,"href":"https:\/\/tilefly.com\/fr\/wp-json\/wp\/v2\/product_tag?post=527982"}],"curies":[{"name":"wp","href":"https:\/\/api.w.org\/{rel}","templated":true}]}}