{"id":527975,"date":"2020-10-19T07:47:28","date_gmt":"2024-05-06T00:50:27","guid":{"rendered":"https:\/\/tilefly.com\/producto\/yin-20x20\/"},"modified":"2024-05-06T02:50:27","modified_gmt":"2024-05-06T00:50:27","slug":"yin-20x20","status":"publish","type":"product","link":"https:\/\/tilefly.com\/fr\/produit\/yin-20x20\/","title":{"rendered":"YIN 20X20"},"content":{"rendered":"<p>Les graphiques g\u00e9om\u00e9triques sont une tendance durable. Ce d\u00e9cor en gr\u00e8s c\u00e9rame joue avec une grille tr\u00e8s originale qui peut \u00eatre pos\u00e9e en carr\u00e9 ou en rectangle. Il est le compl\u00e9ment id\u00e9al des carreaux blancs et noirs, ainsi que des carreaux de sol pour les pi\u00e8ces o\u00f9 l&#8217;on utilise des carreaux de petit format, comme les carreaux de m\u00e9tro. Gr\u00e2ce \u00e0 ses hautes performances techniques, il s&#8217;agit d&#8217;une option tr\u00e8s facile \u00e0 nettoyer et tr\u00e8s r\u00e9sistante. Gr\u00e2ce \u00e0 sa classe de glissement 2, il convient non seulement \u00e0 une utilisation int\u00e9rieure, mais peut \u00e9galement \u00eatre install\u00e9 sur les terrasses, les balcons et les espaces publics.<\/p>","protected":false},"excerpt":{"rendered":"<p>Les graphiques g\u00e9om\u00e9triques sont une tendance durable. Ce d\u00e9cor en gr\u00e8s c\u00e9rame joue avec une grille tr\u00e8s originale qui peut \u00eatre pos\u00e9e en carr\u00e9 ou en rectangle. Il est le compl\u00e9ment id\u00e9al des carreaux blancs et noirs, ainsi que des carreaux de sol pour les pi\u00e8ces o\u00f9 l&#8217;on utilise des carreaux de petit format, comme [&hellip;]<\/p>\n","protected":false},"featured_media":135868,"comment_status":"open","ping_status":"closed","template":"","meta":[],"product_brand":[],"product_cat":[353,357],"product_tag":[],"class_list":{"0":"post-527975","1":"product","2":"type-product","3":"status-publish","4":"has-post-thumbnail","6":"product_cat-carrelage","7":"product_cat-carrelage-salon","9":"first","10":"outofstock","11":"shipping-taxable","12":"purchasable","13":"product-type-simple"},"_links":{"self":[{"href":"https:\/\/tilefly.com\/fr\/wp-json\/wp\/v2\/product\/527975","targetHints":{"allow":["GET"]}}],"collection":[{"href":"https:\/\/tilefly.com\/fr\/wp-json\/wp\/v2\/product"}],"about":[{"href":"https:\/\/tilefly.com\/fr\/wp-json\/wp\/v2\/types\/product"}],"replies":[{"embeddable":true,"href":"https:\/\/tilefly.com\/fr\/wp-json\/wp\/v2\/comments?post=527975"}],"wp:featuredmedia":[{"embeddable":true,"href":"https:\/\/tilefly.com\/fr\/wp-json\/wp\/v2\/media\/135868"}],"wp:attachment":[{"href":"https:\/\/tilefly.com\/fr\/wp-json\/wp\/v2\/media?parent=527975"}],"wp:term":[{"taxonomy":"product_brand","embeddable":true,"href":"https:\/\/tilefly.com\/fr\/wp-json\/wp\/v2\/product_brand?post=527975"},{"taxonomy":"product_cat","embeddable":true,"href":"https:\/\/tilefly.com\/fr\/wp-json\/wp\/v2\/product_cat?post=527975"},{"taxonomy":"product_tag","embeddable":true,"href":"https:\/\/tilefly.com\/fr\/wp-json\/wp\/v2\/product_tag?post=527975"}],"curies":[{"name":"wp","href":"https:\/\/api.w.org\/{rel}","templated":true}]}}