{"id":527974,"date":"2020-10-19T07:47:28","date_gmt":"2024-05-06T00:50:25","guid":{"rendered":"https:\/\/tilefly.com\/producto\/terracota-teja-20x20\/"},"modified":"2024-05-06T02:50:25","modified_gmt":"2024-05-06T00:50:25","slug":"terracota-teja-20x20","status":"publish","type":"product","link":"https:\/\/tilefly.com\/fr\/produit\/terracota-teja-20x20\/","title":{"rendered":"TERRACOTA TEJA 20X20"},"content":{"rendered":"<p>Carrelage en gr\u00e8s c\u00e9rame qui reproduit avec une grande fid\u00e9lit\u00e9 les changements de ton et les marques de la surface de l&#8217;argile naturelle, dans un ton de carreaux chauds. Cette s\u00e9rie est une excellente alternative en raison de ses hautes performances techniques, car elle est tr\u00e8s facile \u00e0 nettoyer et tr\u00e8s r\u00e9sistante. Disponible en trois couleurs et deux d\u00e9cors, gr\u00e2ce \u00e0 sa classe de glissement 2, il convient non seulement \u00e0 un usage int\u00e9rieur mais aussi aux patios, balcons et espaces publics.<\/p>","protected":false},"excerpt":{"rendered":"<p>Carrelage en gr\u00e8s c\u00e9rame qui reproduit avec une grande fid\u00e9lit\u00e9 les changements de ton et les marques de la surface de l&#8217;argile naturelle, dans un ton de carreaux chauds. Cette s\u00e9rie est une excellente alternative en raison de ses hautes performances techniques, car elle est tr\u00e8s facile \u00e0 nettoyer et tr\u00e8s r\u00e9sistante. Disponible en trois [&hellip;]<\/p>\n","protected":false},"featured_media":135708,"comment_status":"open","ping_status":"closed","template":"","meta":[],"product_brand":[],"product_cat":[358],"product_tag":[],"class_list":{"0":"post-527974","1":"product","2":"type-product","3":"status-publish","4":"has-post-thumbnail","6":"product_cat-non-categorise","8":"first","9":"outofstock","10":"shipping-taxable","11":"purchasable","12":"product-type-simple"},"_links":{"self":[{"href":"https:\/\/tilefly.com\/fr\/wp-json\/wp\/v2\/product\/527974","targetHints":{"allow":["GET"]}}],"collection":[{"href":"https:\/\/tilefly.com\/fr\/wp-json\/wp\/v2\/product"}],"about":[{"href":"https:\/\/tilefly.com\/fr\/wp-json\/wp\/v2\/types\/product"}],"replies":[{"embeddable":true,"href":"https:\/\/tilefly.com\/fr\/wp-json\/wp\/v2\/comments?post=527974"}],"wp:featuredmedia":[{"embeddable":true,"href":"https:\/\/tilefly.com\/fr\/wp-json\/wp\/v2\/media\/135708"}],"wp:attachment":[{"href":"https:\/\/tilefly.com\/fr\/wp-json\/wp\/v2\/media?parent=527974"}],"wp:term":[{"taxonomy":"product_brand","embeddable":true,"href":"https:\/\/tilefly.com\/fr\/wp-json\/wp\/v2\/product_brand?post=527974"},{"taxonomy":"product_cat","embeddable":true,"href":"https:\/\/tilefly.com\/fr\/wp-json\/wp\/v2\/product_cat?post=527974"},{"taxonomy":"product_tag","embeddable":true,"href":"https:\/\/tilefly.com\/fr\/wp-json\/wp\/v2\/product_tag?post=527974"}],"curies":[{"name":"wp","href":"https:\/\/api.w.org\/{rel}","templated":true}]}}