{"id":527973,"date":"2020-10-19T07:47:28","date_gmt":"2020-10-19T05:47:28","guid":{"rendered":"https:\/\/tilefly.com\/producto\/stella-mar-20x20\/"},"modified":"2024-05-06T02:50:25","modified_gmt":"2024-05-06T00:50:25","slug":"stella-mar-20x20","status":"publish","type":"product","link":"https:\/\/tilefly.com\/fr\/produit\/stella-mar-20x20\/","title":{"rendered":"STELLA MAR 20X20"},"content":{"rendered":"<p>Stella est un ensemble de dessins hydrauliques o\u00f9 le terrazzo occupe une place pr\u00e9pond\u00e9rante. Dans cette conception, les formes g\u00e9om\u00e9triques sont dessin\u00e9es avec pr\u00e9cision et parfaitement finies. Disponible dans les tons corail et en version bleue, \u00e0 combiner avec les bases de la s\u00e9rie Factory.<\/p>","protected":false},"excerpt":{"rendered":"<p>Stella est un ensemble de dessins hydrauliques o\u00f9 le terrazzo occupe une place pr\u00e9pond\u00e9rante. Dans cette conception, les formes g\u00e9om\u00e9triques sont dessin\u00e9es avec pr\u00e9cision et parfaitement finies. Disponible dans les tons corail et en version bleue, \u00e0 combiner avec les bases de la s\u00e9rie Factory.<\/p>\n","protected":false},"featured_media":135552,"comment_status":"open","ping_status":"closed","template":"","meta":[],"product_brand":[],"product_cat":[355,356,354],"product_tag":[],"class_list":{"0":"post-527973","1":"product","2":"type-product","3":"status-publish","4":"has-post-thumbnail","6":"product_cat-cuisines","7":"product_cat-faiences","8":"product_cat-carrelage-salle-de-bain","10":"first","11":"outofstock","12":"shipping-taxable","13":"purchasable","14":"product-type-simple"},"_links":{"self":[{"href":"https:\/\/tilefly.com\/fr\/wp-json\/wp\/v2\/product\/527973","targetHints":{"allow":["GET"]}}],"collection":[{"href":"https:\/\/tilefly.com\/fr\/wp-json\/wp\/v2\/product"}],"about":[{"href":"https:\/\/tilefly.com\/fr\/wp-json\/wp\/v2\/types\/product"}],"replies":[{"embeddable":true,"href":"https:\/\/tilefly.com\/fr\/wp-json\/wp\/v2\/comments?post=527973"}],"wp:featuredmedia":[{"embeddable":true,"href":"https:\/\/tilefly.com\/fr\/wp-json\/wp\/v2\/media\/135552"}],"wp:attachment":[{"href":"https:\/\/tilefly.com\/fr\/wp-json\/wp\/v2\/media?parent=527973"}],"wp:term":[{"taxonomy":"product_brand","embeddable":true,"href":"https:\/\/tilefly.com\/fr\/wp-json\/wp\/v2\/product_brand?post=527973"},{"taxonomy":"product_cat","embeddable":true,"href":"https:\/\/tilefly.com\/fr\/wp-json\/wp\/v2\/product_cat?post=527973"},{"taxonomy":"product_tag","embeddable":true,"href":"https:\/\/tilefly.com\/fr\/wp-json\/wp\/v2\/product_tag?post=527973"}],"curies":[{"name":"wp","href":"https:\/\/api.w.org\/{rel}","templated":true}]}}