{"id":527872,"date":"2020-10-09T15:39:50","date_gmt":"2020-10-09T13:39:50","guid":{"rendered":"https:\/\/tilefly.com\/producto\/mukali-natural-23x120\/"},"modified":"2024-05-06T02:49:22","modified_gmt":"2024-05-06T00:49:22","slug":"mukali-natural-23x120","status":"publish","type":"product","link":"https:\/\/tilefly.com\/fr\/produit\/mukali-natural-23x120\/","title":{"rendered":"MUKALI NATURAL 23X120"},"content":{"rendered":"<p>Ce Carreaux en Porcelaine de la s\u00e9rie MUKALI se distingue par son mat\u00e9riau en Porcelaine \u00e9maill\u00e9e \u00e9tant l&#8217;un des plus r\u00e9sistants du march\u00e9, il a une texture Imitation bois avec une finition Mate en format 23X120.<\/p>","protected":false},"excerpt":{"rendered":"<p>Ce Carreaux en Porcelaine de la s\u00e9rie MUKALI se distingue par son mat\u00e9riau en Porcelaine \u00e9maill\u00e9e \u00e9tant l&#8217;un des plus r\u00e9sistants du march\u00e9, il a une texture Imitation bois avec une finition Mate en format 23X120.<\/p>\n","protected":false},"featured_media":527878,"comment_status":"open","ping_status":"closed","template":"","meta":[],"product_brand":[],"product_cat":[353,355,357],"product_tag":[],"class_list":{"0":"post-527872","1":"product","2":"type-product","3":"status-publish","4":"has-post-thumbnail","6":"product_cat-carrelage","7":"product_cat-cuisines","8":"product_cat-carrelage-salon","10":"first","11":"instock","12":"shipping-taxable","13":"purchasable","14":"product-type-simple"},"_links":{"self":[{"href":"https:\/\/tilefly.com\/fr\/wp-json\/wp\/v2\/product\/527872","targetHints":{"allow":["GET"]}}],"collection":[{"href":"https:\/\/tilefly.com\/fr\/wp-json\/wp\/v2\/product"}],"about":[{"href":"https:\/\/tilefly.com\/fr\/wp-json\/wp\/v2\/types\/product"}],"replies":[{"embeddable":true,"href":"https:\/\/tilefly.com\/fr\/wp-json\/wp\/v2\/comments?post=527872"}],"wp:featuredmedia":[{"embeddable":true,"href":"https:\/\/tilefly.com\/fr\/wp-json\/wp\/v2\/media\/527878"}],"wp:attachment":[{"href":"https:\/\/tilefly.com\/fr\/wp-json\/wp\/v2\/media?parent=527872"}],"wp:term":[{"taxonomy":"product_brand","embeddable":true,"href":"https:\/\/tilefly.com\/fr\/wp-json\/wp\/v2\/product_brand?post=527872"},{"taxonomy":"product_cat","embeddable":true,"href":"https:\/\/tilefly.com\/fr\/wp-json\/wp\/v2\/product_cat?post=527872"},{"taxonomy":"product_tag","embeddable":true,"href":"https:\/\/tilefly.com\/fr\/wp-json\/wp\/v2\/product_tag?post=527872"}],"curies":[{"name":"wp","href":"https:\/\/api.w.org\/{rel}","templated":true}]}}