{"id":527783,"date":"2019-09-13T12:42:47","date_gmt":"2024-05-06T00:47:50","guid":{"rendered":"https:\/\/tilefly.com\/producto\/orobico-grigio-matt-rect-120x120\/"},"modified":"2024-05-06T02:47:50","modified_gmt":"2024-05-06T00:47:50","slug":"orobico-grigio-matt-rect-120x120","status":"publish","type":"product","link":"https:\/\/tilefly.com\/fr\/produit\/orobico-grigio-matt-rect-120x120\/","title":{"rendered":"OROBICO GRIGIO MATT RECT 120X120"},"content":{"rendered":"<h1><strong>Carreaux en Gr\u00e8s c\u00e9rame OROBICO GRIGIO MATT RECT 120X120<\/strong><\/h1><p>Ce carreau en gr\u00e8s c\u00e9rame au format 120X120 cm, de finition mate et de couleur grise est parfait pour votre int\u00e9rieur. Son mat\u00e9riau de fabrication est le gr\u00e8s c\u00e9rame.<\/p><p>Particularit\u00e9s : Imitation marbre, Imitation pierre, P\u00e2te color\u00e9e<\/p>","protected":false},"excerpt":{"rendered":"<p>Carreaux en Gr\u00e8s c\u00e9rame OROBICO GRIGIO MATT RECT 120X120Ce carreau en gr\u00e8s c\u00e9rame au format 120X120 cm, de finition mate et de couleur grise est parfait pour votre int\u00e9rieur. Son mat\u00e9riau de fabrication est le gr\u00e8s c\u00e9rame.Particularit\u00e9s : Imitation marbre, Imitation pierre, P\u00e2te color\u00e9e<\/p>\n","protected":false},"featured_media":63114,"comment_status":"closed","ping_status":"closed","template":"","meta":[],"product_brand":[],"product_cat":[353,355,356,354,357],"product_tag":[],"class_list":{"0":"post-527783","1":"product","2":"type-product","3":"status-publish","4":"has-post-thumbnail","6":"product_cat-carrelage","7":"product_cat-cuisines","8":"product_cat-faiences","9":"product_cat-carrelage-salle-de-bain","10":"product_cat-carrelage-salon","12":"first","13":"outofstock","14":"shipping-taxable","15":"purchasable","16":"product-type-simple"},"_links":{"self":[{"href":"https:\/\/tilefly.com\/fr\/wp-json\/wp\/v2\/product\/527783","targetHints":{"allow":["GET"]}}],"collection":[{"href":"https:\/\/tilefly.com\/fr\/wp-json\/wp\/v2\/product"}],"about":[{"href":"https:\/\/tilefly.com\/fr\/wp-json\/wp\/v2\/types\/product"}],"replies":[{"embeddable":true,"href":"https:\/\/tilefly.com\/fr\/wp-json\/wp\/v2\/comments?post=527783"}],"wp:featuredmedia":[{"embeddable":true,"href":"https:\/\/tilefly.com\/fr\/wp-json\/wp\/v2\/media\/63114"}],"wp:attachment":[{"href":"https:\/\/tilefly.com\/fr\/wp-json\/wp\/v2\/media?parent=527783"}],"wp:term":[{"taxonomy":"product_brand","embeddable":true,"href":"https:\/\/tilefly.com\/fr\/wp-json\/wp\/v2\/product_brand?post=527783"},{"taxonomy":"product_cat","embeddable":true,"href":"https:\/\/tilefly.com\/fr\/wp-json\/wp\/v2\/product_cat?post=527783"},{"taxonomy":"product_tag","embeddable":true,"href":"https:\/\/tilefly.com\/fr\/wp-json\/wp\/v2\/product_tag?post=527783"}],"curies":[{"name":"wp","href":"https:\/\/api.w.org\/{rel}","templated":true}]}}