{"id":527742,"date":"2020-09-08T15:10:44","date_gmt":"2024-05-06T00:47:12","guid":{"rendered":"https:\/\/tilefly.com\/producto\/royal-black-pulido-120x120\/"},"modified":"2024-05-06T02:47:12","modified_gmt":"2024-05-06T00:47:12","slug":"royal-black-pulido-120x120","status":"publish","type":"product","link":"https:\/\/tilefly.com\/fr\/produit\/royal-black-pulido-120x120\/","title":{"rendered":"ROYAL BLACK PULIDO 120X120"},"content":{"rendered":"<p>Gr\u00e8s c\u00e9rame vitrifi\u00e9<\/p><p>Luxe, c&#8217;est la r\u00e9sistance et la richesse chromatique, une collection qui englobe des marbres extravagants aux finitions naturelles et polies, qui donnent une forte personnalit\u00e9 \u00e0 votre espace.<\/p><p>Une finition \u00e9l\u00e9gante et marquante qui ne se d\u00e9modera certainement jamais. Ses 9 couleurs tendance sont un r\u00e9gal d\u00e9coratif qui apporte une grande continuit\u00e9 visuelle \u00e0 l&#8217;espace et sont \u00e9galement disponibles dans une vari\u00e9t\u00e9 de formats 60&#215;60, 60&#215;120, 80&#215;160.<\/p>","protected":false},"excerpt":{"rendered":"<p>Gr\u00e8s c\u00e9rame vitrifi\u00e9Luxe, c&#8217;est la r\u00e9sistance et la richesse chromatique, une collection qui englobe des marbres extravagants aux finitions naturelles et polies, qui donnent une forte personnalit\u00e9 \u00e0 votre espace.Une finition \u00e9l\u00e9gante et marquante qui ne se d\u00e9modera certainement jamais. Ses 9 couleurs tendance sont un r\u00e9gal d\u00e9coratif qui apporte une grande continuit\u00e9 visuelle \u00e0 [&hellip;]<\/p>\n","protected":false},"featured_media":82375,"comment_status":"open","ping_status":"closed","template":"","meta":[],"product_brand":[],"product_cat":[353,355,356,354],"product_tag":[],"class_list":{"0":"post-527742","1":"product","2":"type-product","3":"status-publish","4":"has-post-thumbnail","6":"product_cat-carrelage","7":"product_cat-cuisines","8":"product_cat-faiences","9":"product_cat-carrelage-salle-de-bain","11":"first","12":"instock","13":"shipping-taxable","14":"purchasable","15":"product-type-simple"},"_links":{"self":[{"href":"https:\/\/tilefly.com\/fr\/wp-json\/wp\/v2\/product\/527742","targetHints":{"allow":["GET"]}}],"collection":[{"href":"https:\/\/tilefly.com\/fr\/wp-json\/wp\/v2\/product"}],"about":[{"href":"https:\/\/tilefly.com\/fr\/wp-json\/wp\/v2\/types\/product"}],"replies":[{"embeddable":true,"href":"https:\/\/tilefly.com\/fr\/wp-json\/wp\/v2\/comments?post=527742"}],"wp:featuredmedia":[{"embeddable":true,"href":"https:\/\/tilefly.com\/fr\/wp-json\/wp\/v2\/media\/82375"}],"wp:attachment":[{"href":"https:\/\/tilefly.com\/fr\/wp-json\/wp\/v2\/media?parent=527742"}],"wp:term":[{"taxonomy":"product_brand","embeddable":true,"href":"https:\/\/tilefly.com\/fr\/wp-json\/wp\/v2\/product_brand?post=527742"},{"taxonomy":"product_cat","embeddable":true,"href":"https:\/\/tilefly.com\/fr\/wp-json\/wp\/v2\/product_cat?post=527742"},{"taxonomy":"product_tag","embeddable":true,"href":"https:\/\/tilefly.com\/fr\/wp-json\/wp\/v2\/product_tag?post=527742"}],"curies":[{"name":"wp","href":"https:\/\/api.w.org\/{rel}","templated":true}]}}